{"id":1982,"date":"2017-02-09T17:39:10","date_gmt":"2017-02-09T17:39:10","guid":{"rendered":"http:\/\/www.europevillageabruzzo.it\/?page_id=1982"},"modified":"2019-09-19T06:30:55","modified_gmt":"2019-09-19T06:30:55","slug":"partner","status":"publish","type":"page","link":"https:\/\/www.europevillageabruzzo.it\/es\/partner\/","title":{"rendered":"Partner"},"content":{"rendered":"<p>[et_pb_section admin_label=\u00bbsection\u00bb background_color=\u00bb#274390&#8243; inner_shadow=\u00bbon\u00bb fullwidth=\u00bbon\u00bb transparent_background=\u00bboff\u00bb allow_player_pause=\u00bboff\u00bb parallax=\u00bboff\u00bb parallax_method=\u00bboff\u00bb padding_mobile=\u00bboff\u00bb make_fullwidth=\u00bboff\u00bb use_custom_width=\u00bboff\u00bb width_unit=\u00bbon\u00bb make_equal=\u00bboff\u00bb use_custom_gutter=\u00bboff\u00bb][et_pb_fullwidth_header admin_label=\u00bbIntestazione a Larghezza Piena\u00bb title=\u00bbI partner del team EVA\u00bb background_layout=\u00bbdark\u00bb text_orientation=\u00bbleft\u00bb header_fullscreen=\u00bboff\u00bb header_scroll_down=\u00bboff\u00bb parallax=\u00bboff\u00bb parallax_method=\u00bboff\u00bb content_orientation=\u00bbcenter\u00bb image_orientation=\u00bbcenter\u00bb custom_button_one=\u00bboff\u00bb button_one_letter_spacing=\u00bb0&#8243; button_one_use_icon=\u00bbdefault\u00bb button_one_icon_placement=\u00bbright\u00bb button_one_on_hover=\u00bbon\u00bb button_one_letter_spacing_hover=\u00bb0&#8243; custom_button_two=\u00bboff\u00bb button_two_letter_spacing=\u00bb0&#8243; button_two_use_icon=\u00bbdefault\u00bb button_two_icon_placement=\u00bbright\u00bb button_two_on_hover=\u00bbon\u00bb button_two_letter_spacing_hover=\u00bb0&#8243; title_font=\u00bb|on|||\u00bb] [\/et_pb_fullwidth_header][\/et_pb_section][et_pb_section admin_label=\u00bbsection\u00bb][et_pb_row admin_label=\u00bbrow\u00bb][et_pb_column type=\u00bb1_3&#8243;][et_pb_image admin_label=\u00bbImmagine\u00bb src=\u00bbhttp:\/\/www.europevillageabruzzo.it\/wp-content\/uploads\/2017\/02\/logo-prime-factory-e1488276696228.png\u00bb animation=\u00bboff\u00bb show_in_lightbox=\u00bboff\u00bb url_new_window=\u00bboff\u00bb use_overlay=\u00bboff\u00bb overlay_icon_color=\u00bb#000000&#8243; sticky=\u00bboff\u00bb align=\u00bbcenter\u00bb force_fullwidth=\u00bboff\u00bb always_center_on_mobile=\u00bbon\u00bb use_border_color=\u00bboff\u00bb border_color=\u00bb#ffffff\u00bb border_style=\u00bbsolid\u00bb] [\/et_pb_image][et_pb_text admin_label=\u00bbTesto\u00bb background_layout=\u00bblight\u00bb text_orientation=\u00bbleft\u00bb use_border_color=\u00bboff\u00bb border_color=\u00bb#ffffff\u00bb border_style=\u00bbsolid\u00bb]<\/p>\n<h2 style=\"text-align: center;\">Prime Factory<\/h2>\n<p style=\"text-align: center;\"><i>Innovation Hub<\/i><\/p>\n<p style=\"text-align: center;\"><a href=\"https:\/\/www.facebook.com\/primefactoryitalia\/\" target=\"_blank\"><img loading=\"lazy\" decoding=\"async\" class=\"alignnone size-full wp-image-2291\" title=\"Facebook Prime Factory\" src=\"http:\/\/www.europevillageabruzzo.it\/wp-content\/uploads\/2017\/02\/facebook.png\" alt=\"Icona Facebook\" width=\"20\" height=\"20\" \/><\/a>\u00a0<a href=\"https:\/\/www.instagram.com\/primefactory\/\" target=\"_blank\"><img loading=\"lazy\" decoding=\"async\" class=\"alignnone size-full wp-image-2292\" title=\"Instagram Prime Factory\" src=\"http:\/\/www.europevillageabruzzo.it\/wp-content\/uploads\/2017\/02\/instagram.png\" alt=\"Logo Instagram\" width=\"20\" height=\"20\" \/><\/a>\u00a0<a title=\"Sito web Prime Factory\" href=\"http:\/\/www.primefactory.it\/\" target=\"_blank\"><img loading=\"lazy\" decoding=\"async\" class=\"alignnone size-full wp-image-2295\" src=\"http:\/\/www.europevillageabruzzo.it\/wp-content\/uploads\/2017\/02\/website.png\" alt=\"Icona sito web\" width=\"20\" height=\"20\" \/><\/a><\/p>\n<p>[\/et_pb_text][\/et_pb_column][et_pb_column type=\u00bb1_3&#8243;][et_pb_image admin_label=\u00bbImmagine\u00bb src=\u00bbhttp:\/\/www.europevillageabruzzo.it\/wp-content\/uploads\/2017\/02\/logo_bloo-01-1.png\u00bb animation=\u00bboff\u00bb show_in_lightbox=\u00bboff\u00bb url_new_window=\u00bboff\u00bb use_overlay=\u00bboff\u00bb sticky=\u00bboff\u00bb align=\u00bbcenter\u00bb force_fullwidth=\u00bboff\u00bb always_center_on_mobile=\u00bbon\u00bb use_border_color=\u00bboff\u00bb border_color=\u00bb#ffffff\u00bb border_style=\u00bbsolid\u00bb] [\/et_pb_image][et_pb_text admin_label=\u00bbTesto\u00bb background_layout=\u00bblight\u00bb text_orientation=\u00bbleft\u00bb use_border_color=\u00bboff\u00bb border_color=\u00bb#ffffff\u00bb border_style=\u00bbsolid\u00bb]<\/p>\n<h2 style=\"text-align: center;\"><\/h2>\n<h2 style=\"text-align: center;\">Bloo<\/h2>\n<p style=\"text-align: center;\"><i>Web\u00a0marketing &amp; communication<\/i><\/p>\n<p style=\"text-align: center;\"><a href=\"https:\/\/www.facebook.com\/BLOO-Web-Agency-565105736908014\/\" target=\"_blank\"><img loading=\"lazy\" decoding=\"async\" class=\"alignnone size-full wp-image-2291\" title=\"Facebook Bloo Web Agency\" src=\"http:\/\/www.europevillageabruzzo.it\/wp-content\/uploads\/2017\/02\/facebook.png\" alt=\"Icona Facebook\" width=\"20\" height=\"20\" \/><\/a> <a href=\"https:\/\/www.linkedin.com\/company\/2802717?trk=tyah&amp;trkInfo=clickedVertical%3Acompany%2CclickedEntityId%3A2802717%2Cidx%3A2-1-2%2CtarId%3A1488050324914%2Ctas%3Abloo%20srl\" target=\"_blank\"><img loading=\"lazy\" decoding=\"async\" class=\"alignnone size-full wp-image-2293\" title=\"LinkedIn Bloo Web Agency\" src=\"http:\/\/www.europevillageabruzzo.it\/wp-content\/uploads\/2017\/02\/linkedin.png\" alt=\"\" width=\"20\" height=\"20\" \/><\/a> <a href=\"http:\/\/www.bloo.it\/\" target=\"_blank\"><img loading=\"lazy\" decoding=\"async\" class=\"alignnone size-full wp-image-2295\" title=\"Sito web Bloo Web Agency\" src=\"http:\/\/www.europevillageabruzzo.it\/wp-content\/uploads\/2017\/02\/website.png\" alt=\"Icona sito web\" width=\"20\" height=\"20\" \/><\/a><\/p>\n<p>&nbsp;<\/p>\n<p>[\/et_pb_text][\/et_pb_column][et_pb_column type=\u00bb1_3&#8243;][et_pb_image admin_label=\u00bbImmagine\u00bb src=\u00bbhttp:\/\/www.europevillageabruzzo.it\/wp-content\/uploads\/2017\/02\/logo_lfc-e1488276831779.png\u00bb animation=\u00bboff\u00bb show_in_lightbox=\u00bbon\u00bb url_new_window=\u00bboff\u00bb use_overlay=\u00bboff\u00bb overlay_icon_color=\u00bb#000000&#8243; sticky=\u00bboff\u00bb align=\u00bbcenter\u00bb force_fullwidth=\u00bboff\u00bb always_center_on_mobile=\u00bbon\u00bb use_border_color=\u00bboff\u00bb border_color=\u00bb#ffffff\u00bb border_style=\u00bbsolid\u00bb] [\/et_pb_image][et_pb_text admin_label=\u00bbTesto\u00bb background_layout=\u00bblight\u00bb text_orientation=\u00bbleft\u00bb use_border_color=\u00bboff\u00bb border_color=\u00bb#ffffff\u00bb border_style=\u00bbsolid\u00bb]<\/p>\n<h2 style=\"text-align: center;\">Language for Communication<\/h2>\n<p style=\"text-align: center;\"><i>Language school<\/i><\/p>\n<p style=\"text-align: center;\"><a href=\"https:\/\/www.facebook.com\/lfcpescara\/\" target=\"_blank\"><img loading=\"lazy\" decoding=\"async\" class=\"alignnone size-full wp-image-2291\" title=\"Facebook LFC Pescara\" src=\"http:\/\/www.europevillageabruzzo.it\/wp-content\/uploads\/2017\/02\/facebook.png\" alt=\"Icona Facebook\" width=\"20\" height=\"20\" \/><\/a> <a href=\"https:\/\/www.instagram.com\/lfcpescara\/\" target=\"_blank\"><img loading=\"lazy\" decoding=\"async\" class=\"alignnone size-full wp-image-2292\" title=\"Instagram LFC Pescara\" src=\"http:\/\/www.europevillageabruzzo.it\/wp-content\/uploads\/2017\/02\/instagram.png\" alt=\"Logo Instagram\" width=\"20\" height=\"20\" \/><\/a> <a href=\"http:\/\/www.lfcpescara.it\/\" target=\"_blank\"><img loading=\"lazy\" decoding=\"async\" class=\"alignnone size-full wp-image-2295\" title=\"Sito web LFC Pescara\" src=\"http:\/\/www.europevillageabruzzo.it\/wp-content\/uploads\/2017\/02\/website.png\" alt=\"Icona sito web\" width=\"20\" height=\"20\" \/><\/a><\/p>\n<p>[\/et_pb_text][\/et_pb_column][\/et_pb_row][et_pb_row admin_label=\u00bbrow\u00bb][et_pb_column type=\u00bb1_3&#8243;][et_pb_image admin_label=\u00bbImmagine\u00bb src=\u00bbhttp:\/\/www.europevillageabruzzo.it\/wp-content\/uploads\/2017\/02\/logo-actomedia-1.png\u00bb animation=\u00bboff\u00bb show_in_lightbox=\u00bboff\u00bb url_new_window=\u00bboff\u00bb use_overlay=\u00bboff\u00bb sticky=\u00bboff\u00bb align=\u00bbcenter\u00bb force_fullwidth=\u00bboff\u00bb always_center_on_mobile=\u00bbon\u00bb use_border_color=\u00bboff\u00bb border_color=\u00bb#ffffff\u00bb border_style=\u00bbsolid\u00bb] [\/et_pb_image][et_pb_divider admin_label=\u00bbModulo Separatore\u00bb color=\u00bb#ffffff\u00bb show_divider=\u00bboff\u00bb divider_style=\u00bbsolid\u00bb divider_position=\u00bbtop\u00bb hide_on_mobile=\u00bbon\u00bb height=\u00bb30&#8243;] [\/et_pb_divider][et_pb_text admin_label=\u00bbTesto\u00bb background_layout=\u00bblight\u00bb text_orientation=\u00bbleft\u00bb use_border_color=\u00bboff\u00bb border_color=\u00bb#ffffff\u00bb border_style=\u00bbsolid\u00bb]<\/p>\n<h2 style=\"text-align: center;\">Actomedia<\/h2>\n<p style=\"text-align: center;\"><em>Meta-Media agency<\/em><\/p>\n<p style=\"text-align: center;\"><a href=\"https:\/\/www.facebook.com\/Actomedia\/\" target=\"_blank\"><img loading=\"lazy\" decoding=\"async\" class=\"alignnone size-full wp-image-2291\" title=\"Facebook Actomedia\" src=\"http:\/\/www.europevillageabruzzo.it\/wp-content\/uploads\/2017\/02\/facebook.png\" alt=\"Icona Facebook\" width=\"20\" height=\"20\" \/><\/a> <a href=\"https:\/\/www.instagram.com\/actomedia\/\" target=\"_blank\"><img loading=\"lazy\" decoding=\"async\" class=\"alignnone size-full wp-image-2292\" title=\"Instagram Actomedia\" src=\"http:\/\/www.europevillageabruzzo.it\/wp-content\/uploads\/2017\/02\/instagram.png\" alt=\"Logo Instagram\" width=\"20\" height=\"20\" \/><\/a> <a href=\"https:\/\/www.linkedin.com\/company\/actomedia-srl\" target=\"_blank\"><img loading=\"lazy\" decoding=\"async\" class=\"alignnone size-full wp-image-2293\" title=\"LinkedIn Actomedia\" src=\"http:\/\/www.europevillageabruzzo.it\/wp-content\/uploads\/2017\/02\/linkedin.png\" alt=\"\" width=\"20\" height=\"20\" \/><\/a> <a href=\"http:\/\/actomedia.com\/\" target=\"_blank\"><img loading=\"lazy\" decoding=\"async\" class=\"alignnone size-full wp-image-2295\" title=\"Sito web Actomedia\" src=\"http:\/\/www.europevillageabruzzo.it\/wp-content\/uploads\/2017\/02\/website.png\" alt=\"Icona sito web\" width=\"20\" height=\"20\" \/><\/a><\/p>\n<p>[\/et_pb_text][\/et_pb_column][et_pb_column type=\u00bb1_3&#8243;][et_pb_image admin_label=\u00bbImmagine\u00bb src=\u00bbhttp:\/\/www.europevillageabruzzo.it\/wp-content\/uploads\/2017\/02\/logo-pnd-1-e1488279802380.png\u00bb animation=\u00bboff\u00bb show_in_lightbox=\u00bboff\u00bb url_new_window=\u00bboff\u00bb use_overlay=\u00bboff\u00bb sticky=\u00bboff\u00bb align=\u00bbcenter\u00bb force_fullwidth=\u00bboff\u00bb always_center_on_mobile=\u00bbon\u00bb use_border_color=\u00bboff\u00bb border_color=\u00bb#ffffff\u00bb border_style=\u00bbsolid\u00bb] [\/et_pb_image][et_pb_divider admin_label=\u00bbModulo Separatore\u00bb color=\u00bb#ffffff\u00bb show_divider=\u00bboff\u00bb divider_style=\u00bbsolid\u00bb divider_position=\u00bbtop\u00bb hide_on_mobile=\u00bbon\u00bb height=\u00bb15&#8243;] [\/et_pb_divider][et_pb_text admin_label=\u00bbTesto\u00bb background_layout=\u00bblight\u00bb text_orientation=\u00bbleft\u00bb use_border_color=\u00bboff\u00bb border_color=\u00bb#ffffff\u00bb border_style=\u00bbsolid\u00bb]<\/p>\n<h2 style=\"text-align: center;\">People and\u00a0Development<\/h2>\n<p style=\"text-align: center;\"><em>Coaching e formazione<\/em><\/p>\n<p style=\"text-align: center;\"><a href=\"https:\/\/www.facebook.com\/pndcoaching\/\" target=\"_blank\"><img loading=\"lazy\" decoding=\"async\" class=\" alignnone=\" title=\"Facebook PnD Coaching\" src=\"http:\/\/www.europevillageabruzzo.it\/wp-content\/uploads\/2017\/02\/facebook.png\" alt=\" icona=\" width=\"20\" height=\"20\" \/><\/a> <a href=\"https:\/\/www.instagram.com\/pndcoaching\" target=\"_blank&quot;\"><img loading=\"lazy\" decoding=\"async\" class=\"alignnone size-full wp-image-2292\" title=\"Instagram PnD Coaching\" src=\"http:\/\/www.europevillageabruzzo.it\/wp-content\/uploads\/2017\/02\/instagram.png\" alt=\"Logo Instagram\" width=\"20\" height=\"20\" \/><\/a> <a href=\"http:\/\/www.pndcoaching.com\/\" target=\"_blank\"><img loading=\"lazy\" decoding=\"async\" class=\"alignnone size-full wp-image-2295\" title=\"Sito web PnD Coaching\" src=\"http:\/\/www.europevillageabruzzo.it\/wp-content\/uploads\/2017\/02\/website.png\" alt=\"Icona sito web\" width=\"20\" height=\"20\" \/><\/a><\/p>\n<p>[\/et_pb_text][\/et_pb_column][et_pb_column type=\u00bb1_3&#8243;][et_pb_image admin_label=\u00bbImmagine\u00bb src=\u00bbhttp:\/\/www.europevillageabruzzo.it\/wp-content\/uploads\/2017\/02\/logo_dunja-e1488277207341.png\u00bb animation=\u00bboff\u00bb show_in_lightbox=\u00bboff\u00bb url_new_window=\u00bboff\u00bb use_overlay=\u00bboff\u00bb sticky=\u00bboff\u00bb align=\u00bbcenter\u00bb force_fullwidth=\u00bboff\u00bb always_center_on_mobile=\u00bbon\u00bb use_border_color=\u00bboff\u00bb border_color=\u00bb#ffffff\u00bb border_style=\u00bbsolid\u00bb] [\/et_pb_image][et_pb_divider admin_label=\u00bbModulo Separatore\u00bb color=\u00bb#ffffff\u00bb show_divider=\u00bboff\u00bb divider_style=\u00bbsolid\u00bb divider_position=\u00bbtop\u00bb hide_on_mobile=\u00bbon\u00bb height=\u00bb5&#8243;] [\/et_pb_divider][et_pb_text admin_label=\u00bbTesto\u00bb background_layout=\u00bblight\u00bb text_orientation=\u00bbleft\u00bb use_border_color=\u00bboff\u00bb border_color=\u00bb#ffffff\u00bb border_style=\u00bbsolid\u00bb]<\/p>\n<h2 style=\"text-align: center;\">Dunja<\/h2>\n<p style=\"text-align: center;\">Asociaci\u00f3n acreditado por el Ministerio del Trabajo para la intermediaci\u00f3n y la orientaci\u00f3n profesional<\/p>\n<p style=\"text-align: center;\"><a href=\"http:\/\/www.jobforte.it\/\" target=\"_blank\"><img loading=\"lazy\" decoding=\"async\" class=\"alignnone size-full wp-image-2295\" title=\"Sito web Job Forte\" src=\"http:\/\/www.europevillageabruzzo.it\/wp-content\/uploads\/2017\/02\/website.png\" alt=\"Icona sito web\" width=\"20\" height=\"20\" \/>\u00a0<img loading=\"lazy\" decoding=\"async\" class=\"alignnone size-full wp-image-2291\" title=\"Facebook Job Forte\" src=\"http:\/\/www.europevillageabruzzo.it\/wp-content\/uploads\/2017\/02\/facebook.png\" alt=\"Icona Facebook\" width=\"20\" height=\"20\" \/><\/a>\u00a0<a href=\"http:\/\/www.centrodunja.it\/\" target=\"_blank\"><img loading=\"lazy\" decoding=\"async\" class=\"alignnone size-full wp-image-2295\" title=\"Sito web Dunja\" src=\"http:\/\/www.europevillageabruzzo.it\/wp-content\/uploads\/2017\/02\/website.png\" alt=\"Icona sito web\" width=\"20\" height=\"20\" \/><\/a><\/p>\n<p>[\/et_pb_text][\/et_pb_column][\/et_pb_row][\/et_pb_section]<\/p>","protected":false},"excerpt":{"rendered":"<p>[et_pb_section admin_label=\u00bbsection\u00bb background_color=\u00bb#274390&#8243; inner_shadow=\u00bbon\u00bb fullwidth=\u00bbon\u00bb transparent_background=\u00bboff\u00bb allow_player_pause=\u00bboff\u00bb parallax=\u00bboff\u00bb parallax_method=\u00bboff\u00bb padding_mobile=\u00bboff\u00bb make_fullwidth=\u00bboff\u00bb use_custom_width=\u00bboff\u00bb width_unit=\u00bbon\u00bb make_equal=\u00bboff\u00bb use_custom_gutter=\u00bboff\u00bb][et_pb_fullwidth_header admin_label=\u00bbIntestazione a Larghezza Piena\u00bb title=\u00bbI partner del team EVA\u00bb background_layout=\u00bbdark\u00bb text_orientation=\u00bbleft\u00bb header_fullscreen=\u00bboff\u00bb header_scroll_down=\u00bboff\u00bb parallax=\u00bboff\u00bb parallax_method=\u00bboff\u00bb content_orientation=\u00bbcenter\u00bb image_orientation=\u00bbcenter\u00bb custom_button_one=\u00bboff\u00bb button_one_letter_spacing=\u00bb0&#8243; button_one_use_icon=\u00bbdefault\u00bb button_one_icon_placement=\u00bbright\u00bb button_one_on_hover=\u00bbon\u00bb button_one_letter_spacing_hover=\u00bb0&#8243; custom_button_two=\u00bboff\u00bb button_two_letter_spacing=\u00bb0&#8243; button_two_use_icon=\u00bbdefault\u00bb button_two_icon_placement=\u00bbright\u00bb button_two_on_hover=\u00bbon\u00bb button_two_letter_spacing_hover=\u00bb0&#8243; title_font=\u00bb|on|||\u00bb] [\/et_pb_fullwidth_header][\/et_pb_section][et_pb_section admin_label=\u00bbsection\u00bb][et_pb_row admin_label=\u00bbrow\u00bb][et_pb_column type=\u00bb1_3&#8243;][et_pb_image admin_label=\u00bbImmagine\u00bb src=\u00bbhttp:\/\/www.europevillageabruzzo.it\/wp-content\/uploads\/2017\/02\/logo-prime-factory-e1488276696228.png\u00bb animation=\u00bboff\u00bb show_in_lightbox=\u00bboff\u00bb url_new_window=\u00bboff\u00bb use_overlay=\u00bboff\u00bb [&hellip;]<\/p>\n","protected":false},"author":1,"featured_media":0,"parent":0,"menu_order":0,"comment_status":"closed","ping_status":"closed","template":"","meta":{"footnotes":""},"class_list":["post-1982","page","type-page","status-publish","hentry"],"yoast_head":"<!-- This site is optimized with the Yoast SEO plugin v24.3 - https:\/\/yoast.com\/wordpress\/plugins\/seo\/ -->\n<title>Partner | EVA - Europe Village Abruzzo<\/title>\n<meta name=\"description\" content=\"Il team si avvale della collaborazione con studi di consulenza, professionisti del settore, aziende e associazioni di categoria.\" \/>\n<meta name=\"robots\" content=\"index, follow, max-snippet:-1, max-image-preview:large, max-video-preview:-1\" \/>\n<link rel=\"canonical\" href=\"https:\/\/www.europevillageabruzzo.it\/partner\/\" \/>\n<meta property=\"og:locale\" content=\"es_ES\" \/>\n<meta property=\"og:type\" content=\"article\" \/>\n<meta property=\"og:title\" content=\"Partner | EVA - Europe Village Abruzzo\" \/>\n<meta property=\"og:description\" content=\"Il team si avvale della collaborazione con studi di consulenza, professionisti del settore, aziende e associazioni di categoria.\" \/>\n<meta property=\"og:url\" content=\"https:\/\/www.europevillageabruzzo.it\/partner\/\" \/>\n<meta property=\"og:site_name\" content=\"EVA Europe Village Abruzzo\" \/>\n<meta property=\"article:modified_time\" content=\"2019-09-19T06:30:55+00:00\" \/>\n<meta property=\"og:image\" content=\"https:\/\/www.europevillageabruzzo.it\/wp-content\/uploads\/2017\/02\/facebook.png\" \/>\n\t<meta property=\"og:image:width\" content=\"20\" \/>\n\t<meta property=\"og:image:height\" content=\"20\" \/>\n\t<meta property=\"og:image:type\" content=\"image\/png\" \/>\n<meta name=\"twitter:card\" content=\"summary_large_image\" \/>\n<meta name=\"twitter:label1\" content=\"Tiempo de lectura\" \/>\n\t<meta name=\"twitter:data1\" content=\"11 minutos\" \/>\n<script type=\"application\/ld+json\" class=\"yoast-schema-graph\">{\"@context\":\"https:\/\/schema.org\",\"@graph\":[{\"@type\":\"WebPage\",\"@id\":\"https:\/\/www.europevillageabruzzo.it\/partner\/\",\"url\":\"https:\/\/www.europevillageabruzzo.it\/partner\/\",\"name\":\"Partner | EVA - Europe Village Abruzzo\",\"isPartOf\":{\"@id\":\"https:\/\/www.europevillageabruzzo.it\/#website\"},\"primaryImageOfPage\":{\"@id\":\"https:\/\/www.europevillageabruzzo.it\/partner\/#primaryimage\"},\"image\":{\"@id\":\"https:\/\/www.europevillageabruzzo.it\/partner\/#primaryimage\"},\"thumbnailUrl\":\"http:\/\/www.europevillageabruzzo.it\/wp-content\/uploads\/2017\/02\/facebook.png\",\"datePublished\":\"2017-02-09T17:39:10+00:00\",\"dateModified\":\"2019-09-19T06:30:55+00:00\",\"description\":\"Il team si avvale della collaborazione con studi di consulenza, professionisti del settore, aziende e associazioni di categoria.\",\"breadcrumb\":{\"@id\":\"https:\/\/www.europevillageabruzzo.it\/partner\/#breadcrumb\"},\"inLanguage\":\"es\",\"potentialAction\":[{\"@type\":\"ReadAction\",\"target\":[\"https:\/\/www.europevillageabruzzo.it\/partner\/\"]}]},{\"@type\":\"ImageObject\",\"inLanguage\":\"es\",\"@id\":\"https:\/\/www.europevillageabruzzo.it\/partner\/#primaryimage\",\"url\":\"http:\/\/www.europevillageabruzzo.it\/wp-content\/uploads\/2017\/02\/facebook.png\",\"contentUrl\":\"http:\/\/www.europevillageabruzzo.it\/wp-content\/uploads\/2017\/02\/facebook.png\"},{\"@type\":\"BreadcrumbList\",\"@id\":\"https:\/\/www.europevillageabruzzo.it\/partner\/#breadcrumb\",\"itemListElement\":[{\"@type\":\"ListItem\",\"position\":1,\"name\":\"Home\",\"item\":\"https:\/\/www.europevillageabruzzo.it\/\"},{\"@type\":\"ListItem\",\"position\":2,\"name\":\"Partner\"}]},{\"@type\":\"WebSite\",\"@id\":\"https:\/\/www.europevillageabruzzo.it\/#website\",\"url\":\"https:\/\/www.europevillageabruzzo.it\/\",\"name\":\"EVA Europe Village Abruzzo\",\"description\":\"\",\"potentialAction\":[{\"@type\":\"SearchAction\",\"target\":{\"@type\":\"EntryPoint\",\"urlTemplate\":\"https:\/\/www.europevillageabruzzo.it\/?s={search_term_string}\"},\"query-input\":{\"@type\":\"PropertyValueSpecification\",\"valueRequired\":true,\"valueName\":\"search_term_string\"}}],\"inLanguage\":\"es\"}]}<\/script>\n<!-- \/ Yoast SEO plugin. -->","yoast_head_json":{"title":"Partner | EVA - Europe Village Abruzzo","description":"Il team si avvale della collaborazione con studi di consulenza, professionisti del settore, aziende e associazioni di categoria.","robots":{"index":"index","follow":"follow","max-snippet":"max-snippet:-1","max-image-preview":"max-image-preview:large","max-video-preview":"max-video-preview:-1"},"canonical":"https:\/\/www.europevillageabruzzo.it\/partner\/","og_locale":"es_ES","og_type":"article","og_title":"Partner | EVA - Europe Village Abruzzo","og_description":"Il team si avvale della collaborazione con studi di consulenza, professionisti del settore, aziende e associazioni di categoria.","og_url":"https:\/\/www.europevillageabruzzo.it\/partner\/","og_site_name":"EVA Europe Village Abruzzo","article_modified_time":"2019-09-19T06:30:55+00:00","og_image":[{"width":20,"height":20,"url":"https:\/\/www.europevillageabruzzo.it\/wp-content\/uploads\/2017\/02\/facebook.png","type":"image\/png"}],"twitter_card":"summary_large_image","twitter_misc":{"Tiempo de lectura":"11 minutos"},"schema":{"@context":"https:\/\/schema.org","@graph":[{"@type":"WebPage","@id":"https:\/\/www.europevillageabruzzo.it\/partner\/","url":"https:\/\/www.europevillageabruzzo.it\/partner\/","name":"Partner | EVA - Europe Village Abruzzo","isPartOf":{"@id":"https:\/\/www.europevillageabruzzo.it\/#website"},"primaryImageOfPage":{"@id":"https:\/\/www.europevillageabruzzo.it\/partner\/#primaryimage"},"image":{"@id":"https:\/\/www.europevillageabruzzo.it\/partner\/#primaryimage"},"thumbnailUrl":"http:\/\/www.europevillageabruzzo.it\/wp-content\/uploads\/2017\/02\/facebook.png","datePublished":"2017-02-09T17:39:10+00:00","dateModified":"2019-09-19T06:30:55+00:00","description":"Il team si avvale della collaborazione con studi di consulenza, professionisti del settore, aziende e associazioni di categoria.","breadcrumb":{"@id":"https:\/\/www.europevillageabruzzo.it\/partner\/#breadcrumb"},"inLanguage":"es","potentialAction":[{"@type":"ReadAction","target":["https:\/\/www.europevillageabruzzo.it\/partner\/"]}]},{"@type":"ImageObject","inLanguage":"es","@id":"https:\/\/www.europevillageabruzzo.it\/partner\/#primaryimage","url":"http:\/\/www.europevillageabruzzo.it\/wp-content\/uploads\/2017\/02\/facebook.png","contentUrl":"http:\/\/www.europevillageabruzzo.it\/wp-content\/uploads\/2017\/02\/facebook.png"},{"@type":"BreadcrumbList","@id":"https:\/\/www.europevillageabruzzo.it\/partner\/#breadcrumb","itemListElement":[{"@type":"ListItem","position":1,"name":"Home","item":"https:\/\/www.europevillageabruzzo.it\/"},{"@type":"ListItem","position":2,"name":"Partner"}]},{"@type":"WebSite","@id":"https:\/\/www.europevillageabruzzo.it\/#website","url":"https:\/\/www.europevillageabruzzo.it\/","name":"EVA Europe Village Abruzzo","description":"","potentialAction":[{"@type":"SearchAction","target":{"@type":"EntryPoint","urlTemplate":"https:\/\/www.europevillageabruzzo.it\/?s={search_term_string}"},"query-input":{"@type":"PropertyValueSpecification","valueRequired":true,"valueName":"search_term_string"}}],"inLanguage":"es"}]}},"_links":{"self":[{"href":"https:\/\/www.europevillageabruzzo.it\/es\/wp-json\/wp\/v2\/pages\/1982","targetHints":{"allow":["GET"]}}],"collection":[{"href":"https:\/\/www.europevillageabruzzo.it\/es\/wp-json\/wp\/v2\/pages"}],"about":[{"href":"https:\/\/www.europevillageabruzzo.it\/es\/wp-json\/wp\/v2\/types\/page"}],"author":[{"embeddable":true,"href":"https:\/\/www.europevillageabruzzo.it\/es\/wp-json\/wp\/v2\/users\/1"}],"replies":[{"embeddable":true,"href":"https:\/\/www.europevillageabruzzo.it\/es\/wp-json\/wp\/v2\/comments?post=1982"}],"version-history":[{"count":55,"href":"https:\/\/www.europevillageabruzzo.it\/es\/wp-json\/wp\/v2\/pages\/1982\/revisions"}],"predecessor-version":[{"id":2649,"href":"https:\/\/www.europevillageabruzzo.it\/es\/wp-json\/wp\/v2\/pages\/1982\/revisions\/2649"}],"wp:attachment":[{"href":"https:\/\/www.europevillageabruzzo.it\/es\/wp-json\/wp\/v2\/media?parent=1982"}],"curies":[{"name":"wp","href":"https:\/\/api.w.org\/{rel}","templated":true}]}}