{"id":1985,"date":"2017-02-09T17:40:50","date_gmt":"2017-02-09T17:40:50","guid":{"rendered":"http:\/\/www.europevillageabruzzo.it\/?page_id=1985"},"modified":"2020-09-28T15:49:14","modified_gmt":"2020-09-28T15:49:14","slug":"servizi","status":"publish","type":"page","link":"https:\/\/www.europevillageabruzzo.it\/es\/servizi\/","title":{"rendered":"Servizi"},"content":{"rendered":"<p>[et_pb_section admin_label=\u00bbSezione\u00bb fullwidth=\u00bbon\u00bb specialty=\u00bboff\u00bb transparent_background=\u00bboff\u00bb background_color=\u00bb#274390&#8243; allow_player_pause=\u00bboff\u00bb inner_shadow=\u00bboff\u00bb parallax=\u00bboff\u00bb parallax_method=\u00bboff\u00bb padding_mobile=\u00bboff\u00bb make_fullwidth=\u00bboff\u00bb use_custom_width=\u00bboff\u00bb width_unit=\u00bbon\u00bb make_equal=\u00bboff\u00bb use_custom_gutter=\u00bboff\u00bb][et_pb_fullwidth_header admin_label=\u00bbIntestazione a Larghezza Piena\u00bb title=\u00bbServicios\u00bb background_layout=\u00bblight\u00bb text_orientation=\u00bbleft\u00bb header_fullscreen=\u00bboff\u00bb header_scroll_down=\u00bboff\u00bb parallax=\u00bboff\u00bb parallax_method=\u00bboff\u00bb content_orientation=\u00bbcenter\u00bb image_orientation=\u00bbcenter\u00bb title_font_color=\u00bb#ffffff\u00bb title_font=\u00bb|on|||\u00bb custom_button_one=\u00bboff\u00bb button_one_letter_spacing=\u00bb0&#8243; button_one_use_icon=\u00bbdefault\u00bb button_one_icon_placement=\u00bbright\u00bb button_one_on_hover=\u00bbon\u00bb button_one_letter_spacing_hover=\u00bb0&#8243; custom_button_two=\u00bboff\u00bb button_two_letter_spacing=\u00bb0&#8243; button_two_use_icon=\u00bbdefault\u00bb button_two_icon_placement=\u00bbright\u00bb button_two_on_hover=\u00bbon\u00bb button_two_letter_spacing_hover=\u00bb0&#8243;] [\/et_pb_fullwidth_header][\/et_pb_section][et_pb_section admin_label=\u00bbsection\u00bb inner_shadow=\u00bboff\u00bb parallax=\u00bboff\u00bb][et_pb_row admin_label=\u00bbrow\u00bb][et_pb_column type=\u00bb1_3&#8243;][et_pb_blurb admin_label=\u00bbBlurb\u00bb title=\u00bbFormaci\u00f3n\u00bb url_new_window=\u00bboff\u00bb image=\u00bbhttp:\/\/www.europevillageabruzzo.it\/wp-content\/uploads\/2017\/02\/formazione-servizi.png\u00bb animation=\u00bbtop\u00bb background_layout=\u00bblight\u00bb text_orientation=\u00bbcenter\u00bb use_icon=\u00bboff\u00bb icon_color=\u00bb#108bf5&#8243; use_circle=\u00bboff\u00bb circle_color=\u00bb#108bf5&#8243; use_circle_border=\u00bboff\u00bb circle_border_color=\u00bb#108bf5&#8243; icon_placement=\u00bbtop\u00bb use_icon_font_size=\u00bboff\u00bb use_border_color=\u00bboff\u00bb border_color=\u00bb#ffffff\u00bb border_style=\u00bbsolid\u00bb]<\/p>\n<p>EVA organiza cursos, seminarios, talleres y workshop sobre los fondos europeos, internacionalizaci\u00f3n y Start Up. Organiza la formaci\u00f3n individual y de grupo dirigida a las asociaciones y organizaciones p\u00fablicas y privadas. Cuenta con el apoyo de consultores y formadores con experiencia.<\/p>\n<p>[\/et_pb_blurb][\/et_pb_column][et_pb_column type=\u00bb1_3&#8243;][et_pb_blurb admin_label=\u00bbBlurb\u00bb title=\u00bbAsesoramiento\u00bb url_new_window=\u00bboff\u00bb image=\u00bbhttp:\/\/www.europevillageabruzzo.it\/wp-content\/uploads\/2017\/02\/Icona-formazione.png\u00bb animation=\u00bbtop\u00bb background_layout=\u00bblight\u00bb text_orientation=\u00bbcenter\u00bb use_icon=\u00bboff\u00bb icon_color=\u00bb#108bf5&#8243; use_circle=\u00bboff\u00bb circle_color=\u00bb#108bf5&#8243; use_circle_border=\u00bboff\u00bb circle_border_color=\u00bb#108bf5&#8243; icon_placement=\u00bbtop\u00bb use_icon_font_size=\u00bboff\u00bb use_border_color=\u00bboff\u00bb border_color=\u00bb#ffffff\u00bb border_style=\u00bbsolid\u00bb]<\/p>\n<p>EVA est\u00e1 especializada en la elaboraci\u00f3n y gesti\u00f3n de proyectos en respuesta a las llamadas directas de la Comisi\u00f3n Europea y la presentaci\u00f3n de los proyectos financiados por los fondos estructurales o fondos nacionales de financiaci\u00f3n preferencial. Se ofrece asistencia en la presentaci\u00f3n y gesti\u00f3n de proyectos europeos y servicios de consultor\u00eda para las Start Up.<\/p>\n<p>[\/et_pb_blurb][\/et_pb_column][et_pb_column type=\u00bb1_3&#8243;][et_pb_blurb admin_label=\u00bbBlurb\u00bb title=\u00bbInformaci\u00f3n\u00bb url_new_window=\u00bboff\u00bb image=\u00bbhttp:\/\/www.europevillageabruzzo.it\/wp-content\/uploads\/2017\/02\/informazione-servizi.png\u00bb animation=\u00bbtop\u00bb background_layout=\u00bblight\u00bb text_orientation=\u00bbcenter\u00bb use_icon=\u00bboff\u00bb icon_color=\u00bb#108bf5&#8243; use_circle=\u00bboff\u00bb circle_color=\u00bb#108bf5&#8243; use_circle_border=\u00bboff\u00bb circle_border_color=\u00bb#108bf5&#8243; icon_placement=\u00bbtop\u00bb use_icon_font_size=\u00bboff\u00bb use_border_color=\u00bboff\u00bb border_color=\u00bb#ffffff\u00bb border_style=\u00bbsolid\u00bb]<\/p>\n<p>EVA promueve la difusi\u00f3n de la innovaci\u00f3n, de lo digital y de la ciudadan\u00eda activa. Ofrece, a trav\u00e9s de blogs, boletines de noticias y sus canales sociales, informaci\u00f3n \u00fatil para comprender un mundo en evoluci\u00f3n y para mantenerse al d\u00eda sobre los programas y oportunidades de financiaci\u00f3n disponibles a nivel europeo, nacional y regional.<\/p>\n<p>[\/et_pb_blurb][\/et_pb_column][\/et_pb_row][\/et_pb_section][et_pb_section admin_label=\u00bbSezione\u00bb fullwidth=\u00bboff\u00bb specialty=\u00bboff\u00bb][et_pb_row admin_label=\u00bbRiga\u00bb][et_pb_column type=\u00bb4_4&#8243;][et_pb_text admin_label=\u00bbDescrizione servizi\u00bb background_layout=\u00bblight\u00bb text_orientation=\u00bbleft\u00bb use_border_color=\u00bboff\u00bb border_color=\u00bb#ffffff\u00bb border_style=\u00bbsolid\u00bb]<\/p>\n<p><strong>EVA Consulting ofrece servicios integrados para empresas, organizaciones institucionales, profesionales, asociaciones y personas interesadas en temas relacionados con la innovaci\u00f3n y el cambio, a partir de la Agenda Digital para las pol\u00edticas europeas, las Start Up, hasta los pr\u00e9stamos bonificados.<\/strong><\/p>\n<p>A trav\u00e9s de la colaboraci\u00f3n con sus socios (empresas de consultor\u00eda y profesionales, empresas, asociaciones, etc.), EVA es capaz de ofrecer a sus clientes servicios en diferentes ambitos (legales, ling\u00fc\u00edsticas, educativas, transnacional, gr\u00e1fico, arquitect\u00f3nico, econ\u00f3mico). Este enfoque multidisciplinario es la fuerza principal y el valor a\u00f1adido de EVA.<\/p>\n<p>La integraci\u00f3n de los conocimientos adquiridos en diferentes \u00e1reas profesionales permite a EVA de proporcionar a sus clientes los servicios complementarios, aportes innovadores y soluciones que siguen las mejores pr\u00e1cticas en sus respectivos sectores.<\/p>\n<p>[\/et_pb_text][et_pb_toggle admin_label=\u00bbConsulenza\u00bb title=\u00bbAsesoramiento\u00bb open=\u00bboff\u00bb use_border_color=\u00bboff\u00bb border_color=\u00bb#ffffff\u00bb border_style=\u00bbsolid\u00bb]<\/p>\n<p>EVA est\u00e1 especializada en la elaboraci\u00f3n y gesti\u00f3n de proyectos en respuesta a las llamadas directas de la Comunidad Europea y en la presentaci\u00f3n de los proyectos financiados por los Fondos Estructurales (FSE, FEDER, etc.) o los fondos nacionales de facilitaci\u00f3n financiera (por ejemplo Invitalia).<\/p>\n<p>En particular, EVA ofrece servicios de consultor\u00eda en las siguientes \u00e1reas:<\/p>\n<p><b>Supervisi\u00f3n espec\u00edfica<\/b><\/p>\n<p><span style=\"font-weight: 400;\">Completo monitoreo peri\u00f3dico sobre oportunidades de financiaci\u00f3n de la UE (directos e indirectos) para adaptarse a las necesidades espec\u00edficas del cliente y su idea de proyecto \/ negocio.<\/span><\/p>\n<p><strong>Los informes de elegibilidad<\/strong><\/p>\n<p>Preparaci\u00f3n de un documento sobre las herramientas de facilitaci\u00f3n disponibles, dependiendo de las necesidades del cliente. El documento proporciona toda la informaci\u00f3n relacionada con los tipos de financiaci\u00f3n identificadas, las opiniones sobre la idea del proyecto, riesgos y soluciones, consejos para el \u00e9xito del proyecto.<\/p>\n<p><strong>Planificaci\u00f3n de proyectos<\/strong><\/p>\n<p>El desarrollo y la verificaci\u00f3n de la elegibilidad de ideas de proyectos; la identificaci\u00f3n de los principales programas europeos; ideas documentales; definici\u00f3n y elaboraci\u00f3n de la idea del proyecto; preparaci\u00f3n del plan de negocio y los documentos exigidos en la convocatoria; Investigaci\u00f3n de socios nacionales e internacionales; asistencia durante la fase de evaluaci\u00f3n del proyecto.<\/p>\n<p><strong>Concursos y convocatorias europeas<\/strong><\/p>\n<p>Informaci\u00f3n, supervisi\u00f3n y apoyo a la participaci\u00f3n en licitaciones europeas.<\/p>\n<p><strong>Afiliaci\u00f3n en proyectos<\/strong><b>\u00a0<\/b><\/p>\n<p>Assistenza nell\u2019adesione a progetti internazionali predisposti da partner europei di EVA. Il servizio prevede la preparazione di una scheda del cliente da inviare ai partner promotori di progetti, la valutazione e selezione dei progetti migliori, l\u2019assistenza nella predisposizione dei contenuti progettuali in caso di adesione ad un progetto.<\/p>\n<p><strong>B\u00fasqueda de socios trasnacionales<\/strong><\/p>\n<p>B\u00fasqueda de los socios y el establecimiento del consorcio, la asistencia en la definici\u00f3n del acuerdo de consorcio, la asistencia para la preparaci\u00f3n y presentaci\u00f3n de expresiones de inter\u00e9s.<\/p>\n<p><strong>Seguimiento de las propuestas presentadas<\/strong><\/p>\n<p>Asistencia en la fase de negociaci\u00f3n con la Comisi\u00f3n Europea hasta la firma del contrato.<\/p>\n<p><strong>Gesti\u00f3n de Proyectos<\/strong><\/p>\n<p>Gesti\u00f3n de proyectos, relaciones con la Comisi\u00f3n Europea y el Consorcio, presentaci\u00f3n de informes.<\/p>\n<p><strong>Recomendaciones para el inicio<\/strong><\/p>\n<p>El an\u00e1lisis de pre-factibilidad y la viabilidad financiera de la idea de negocio: an\u00e1lisis de viabilidad de apoyo estrat\u00e9gico, financiero, log\u00edstico y administrativo.<\/p>\n<p><strong>Consejos jur\u00eddicos<\/strong><\/p>\n<p>Asesoramiento y asistencia en derecho civil, penal y administrativa, y todos los asuntos relacionados con la financiaci\u00f3n de la UE, a trav\u00e9s de una asociaci\u00f3n con el bufete de abogados \u00abDi Sebastiano\u00bb.<\/p>\n<p>[\/et_pb_toggle][et_pb_toggle admin_label=\u00bbFormazione\u00bb title=\u00bbFormaci\u00f3n\u00bb open=\u00bboff\u00bb use_border_color=\u00bboff\u00bb border_color=\u00bb#ffffff\u00bb border_style=\u00bbsolid\u00bb]<\/p>\n<p>Mediante la asociaci\u00f3n con consultores y formadores con experiencia, EVA ofrece servicios en el campo de la formaci\u00f3n dirigida a empresarios, profesionales, y asociaciones.<\/p>\n<p><strong>Seminarios, talleres, laboratorios, cursos<\/strong><\/p>\n<p>EVA organiza regularmente, en colaboraci\u00f3n con <a href=\"http:\/\/www.primefactory.it\">Prime Factory<\/a>, cursos, seminarios, talleres y talleres gratuitos y de pago en el dise\u00f1o, la internacionalizaci\u00f3n y nuevas empresas comerciales europeas. Tambi\u00e9n promueve eventos educativos en los programas europeos de financiaci\u00f3n y llamadas espec\u00edficas.<\/p>\n<p><strong>Formaci\u00f3n individual y de equipo<\/strong><\/p>\n<p>EVA ofrece la oportunidad de participar en la formaci\u00f3n individual o en grupos, asociaciones y organizaciones p\u00fablicas y privadas que lo soliciten. Por lo tanto, los cursos est\u00e1n dise\u00f1ados ad hoc, sobre la base de un an\u00e1lisis detallada de las necesidades de formaci\u00f3n, los requisitos y el presupuesto disponible para los solicitantes. En algunos casos, estos cursos pueden ser financiados a nivel de la UE o a trav\u00e9s de fondos interprofesionales.<\/p>\n<p>Coaching para proyectos europeos<\/p>\n<p>EVA proporciona asistencia y capacitaci\u00f3n \u00aben el trabajo\u00bb para el desarrollo y la redacci\u00f3n de un proyecto de la comunidad de empresas o asociaciones. El cliente tiene la opci\u00f3n de preparar su idea de proyecto bajo la gu\u00eda de consultores EVA, adquiriendo al mismo tiempo familiarizarse con los instrumentos de dise\u00f1o europeo.<\/p>\n<p>[\/et_pb_toggle][et_pb_toggle admin_label=\u00bbInformazione\u00bb title=\u00bbInformaci\u00f3n\u00bb open=\u00bboff\u00bb use_border_color=\u00bboff\u00bb border_color=\u00bb#ffffff\u00bb border_style=\u00bbsolid\u00bb]<\/p>\n<p>A trav\u00e9s del blog, bolet\u00edn de noticias y sus canales sociales, EVA proporciona una visi\u00f3n general de las diferentes oportunidades de financiaci\u00f3n, los programas y las instalaciones existentes a nivel europeo, nacional y regional.<\/p>\n<p>En el blog de EVA se publican regularmente art\u00edculos y an\u00e1lisis sobre el tema de los fondos europeos, las pol\u00edticas europeas y la ciudadan\u00eda, la investigaci\u00f3n y la innovaci\u00f3n, digital, la puesta en marcha y las mejores pr\u00e1cticas. Tambi\u00e9n puede suscribirse al bolet\u00edn de noticias libre.<\/p>\n<p>[\/et_pb_toggle][et_pb_text admin_label=\u00bbTesto\u00bb background_layout=\u00bblight\u00bb text_orientation=\u00bbleft\u00bb use_border_color=\u00bboff\u00bb border_color=\u00bb#ffffff\u00bb border_style=\u00bbsolid\u00bb]<\/p>\n<p>El equipo de EVA ha completado m\u00e1s de 40 proyectos en las \u00e1reas de planificaci\u00f3n educativa y europlanning. Para conocer algunos de los presentes\u00a0<a href=\"http:\/\/www.europevillageabruzzo.it\/progetti\">clic aqu\u00ed<\/a>.<\/p>\n<p>[\/et_pb_text][\/et_pb_column][\/et_pb_row][\/et_pb_section]<\/p>","protected":false},"excerpt":{"rendered":"<p>[et_pb_section admin_label=\u00bbSezione\u00bb fullwidth=\u00bbon\u00bb specialty=\u00bboff\u00bb transparent_background=\u00bboff\u00bb background_color=\u00bb#274390&#8243; allow_player_pause=\u00bboff\u00bb inner_shadow=\u00bboff\u00bb parallax=\u00bboff\u00bb parallax_method=\u00bboff\u00bb padding_mobile=\u00bboff\u00bb make_fullwidth=\u00bboff\u00bb use_custom_width=\u00bboff\u00bb width_unit=\u00bbon\u00bb make_equal=\u00bboff\u00bb use_custom_gutter=\u00bboff\u00bb][et_pb_fullwidth_header admin_label=\u00bbIntestazione a Larghezza Piena\u00bb title=\u00bbServicios\u00bb background_layout=\u00bblight\u00bb text_orientation=\u00bbleft\u00bb header_fullscreen=\u00bboff\u00bb header_scroll_down=\u00bboff\u00bb parallax=\u00bboff\u00bb parallax_method=\u00bboff\u00bb content_orientation=\u00bbcenter\u00bb image_orientation=\u00bbcenter\u00bb title_font_color=\u00bb#ffffff\u00bb title_font=\u00bb|on|||\u00bb custom_button_one=\u00bboff\u00bb button_one_letter_spacing=\u00bb0&#8243; button_one_use_icon=\u00bbdefault\u00bb button_one_icon_placement=\u00bbright\u00bb button_one_on_hover=\u00bbon\u00bb button_one_letter_spacing_hover=\u00bb0&#8243; custom_button_two=\u00bboff\u00bb button_two_letter_spacing=\u00bb0&#8243; button_two_use_icon=\u00bbdefault\u00bb button_two_icon_placement=\u00bbright\u00bb button_two_on_hover=\u00bbon\u00bb button_two_letter_spacing_hover=\u00bb0&#8243;] [\/et_pb_fullwidth_header][\/et_pb_section][et_pb_section admin_label=\u00bbsection\u00bb inner_shadow=\u00bboff\u00bb parallax=\u00bboff\u00bb][et_pb_row admin_label=\u00bbrow\u00bb][et_pb_column type=\u00bb1_3&#8243;][et_pb_blurb admin_label=\u00bbBlurb\u00bb title=\u00bbFormaci\u00f3n\u00bb url_new_window=\u00bboff\u00bb image=\u00bbhttp:\/\/www.europevillageabruzzo.it\/wp-content\/uploads\/2017\/02\/formazione-servizi.png\u00bb animation=\u00bbtop\u00bb background_layout=\u00bblight\u00bb [&hellip;]<\/p>\n","protected":false},"author":1,"featured_media":0,"parent":0,"menu_order":0,"comment_status":"closed","ping_status":"closed","template":"","meta":{"footnotes":""},"class_list":["post-1985","page","type-page","status-publish","hentry"],"yoast_head":"<!-- This site is optimized with the Yoast SEO plugin v24.3 - https:\/\/yoast.com\/wordpress\/plugins\/seo\/ -->\n<title>Servizi | EVA - Europe Village Abruzzo<\/title>\n<meta name=\"description\" content=\"Lo studio di consulenza EVA offre servizi integrati rivolti ad imprese, enti istituzionali, professionisti, associazioni, singoli cittatini e startup.\" \/>\n<meta name=\"robots\" content=\"index, follow, max-snippet:-1, max-image-preview:large, max-video-preview:-1\" \/>\n<link rel=\"canonical\" href=\"https:\/\/www.europevillageabruzzo.it\/servizi\/\" \/>\n<meta property=\"og:locale\" content=\"es_ES\" \/>\n<meta property=\"og:type\" content=\"article\" \/>\n<meta property=\"og:title\" content=\"Servizi | EVA - Europe Village Abruzzo\" \/>\n<meta property=\"og:description\" content=\"Lo studio di consulenza EVA offre servizi integrati rivolti ad imprese, enti istituzionali, professionisti, associazioni, singoli cittatini e startup.\" \/>\n<meta property=\"og:url\" content=\"https:\/\/www.europevillageabruzzo.it\/servizi\/\" \/>\n<meta property=\"og:site_name\" content=\"EVA Europe Village Abruzzo\" \/>\n<meta property=\"article:modified_time\" content=\"2020-09-28T15:49:14+00:00\" \/>\n<meta name=\"twitter:card\" content=\"summary_large_image\" \/>\n<meta name=\"twitter:label1\" content=\"Tiempo de lectura\" \/>\n\t<meta name=\"twitter:data1\" content=\"22 minutos\" \/>\n<script type=\"application\/ld+json\" class=\"yoast-schema-graph\">{\"@context\":\"https:\/\/schema.org\",\"@graph\":[{\"@type\":\"WebPage\",\"@id\":\"https:\/\/www.europevillageabruzzo.it\/servizi\/\",\"url\":\"https:\/\/www.europevillageabruzzo.it\/servizi\/\",\"name\":\"Servizi | EVA - Europe Village Abruzzo\",\"isPartOf\":{\"@id\":\"https:\/\/www.europevillageabruzzo.it\/#website\"},\"datePublished\":\"2017-02-09T17:40:50+00:00\",\"dateModified\":\"2020-09-28T15:49:14+00:00\",\"description\":\"Lo studio di consulenza EVA offre servizi integrati rivolti ad imprese, enti istituzionali, professionisti, associazioni, singoli cittatini e startup.\",\"breadcrumb\":{\"@id\":\"https:\/\/www.europevillageabruzzo.it\/servizi\/#breadcrumb\"},\"inLanguage\":\"es\",\"potentialAction\":[{\"@type\":\"ReadAction\",\"target\":[\"https:\/\/www.europevillageabruzzo.it\/servizi\/\"]}]},{\"@type\":\"BreadcrumbList\",\"@id\":\"https:\/\/www.europevillageabruzzo.it\/servizi\/#breadcrumb\",\"itemListElement\":[{\"@type\":\"ListItem\",\"position\":1,\"name\":\"Home\",\"item\":\"https:\/\/www.europevillageabruzzo.it\/\"},{\"@type\":\"ListItem\",\"position\":2,\"name\":\"Servizi\"}]},{\"@type\":\"WebSite\",\"@id\":\"https:\/\/www.europevillageabruzzo.it\/#website\",\"url\":\"https:\/\/www.europevillageabruzzo.it\/\",\"name\":\"EVA Europe Village Abruzzo\",\"description\":\"\",\"potentialAction\":[{\"@type\":\"SearchAction\",\"target\":{\"@type\":\"EntryPoint\",\"urlTemplate\":\"https:\/\/www.europevillageabruzzo.it\/?s={search_term_string}\"},\"query-input\":{\"@type\":\"PropertyValueSpecification\",\"valueRequired\":true,\"valueName\":\"search_term_string\"}}],\"inLanguage\":\"es\"}]}<\/script>\n<!-- \/ Yoast SEO plugin. -->","yoast_head_json":{"title":"Servizi | EVA - Europe Village Abruzzo","description":"Lo studio di consulenza EVA offre servizi integrati rivolti ad imprese, enti istituzionali, professionisti, associazioni, singoli cittatini e startup.","robots":{"index":"index","follow":"follow","max-snippet":"max-snippet:-1","max-image-preview":"max-image-preview:large","max-video-preview":"max-video-preview:-1"},"canonical":"https:\/\/www.europevillageabruzzo.it\/servizi\/","og_locale":"es_ES","og_type":"article","og_title":"Servizi | EVA - Europe Village Abruzzo","og_description":"Lo studio di consulenza EVA offre servizi integrati rivolti ad imprese, enti istituzionali, professionisti, associazioni, singoli cittatini e startup.","og_url":"https:\/\/www.europevillageabruzzo.it\/servizi\/","og_site_name":"EVA Europe Village Abruzzo","article_modified_time":"2020-09-28T15:49:14+00:00","twitter_card":"summary_large_image","twitter_misc":{"Tiempo de lectura":"22 minutos"},"schema":{"@context":"https:\/\/schema.org","@graph":[{"@type":"WebPage","@id":"https:\/\/www.europevillageabruzzo.it\/servizi\/","url":"https:\/\/www.europevillageabruzzo.it\/servizi\/","name":"Servizi | EVA - Europe Village Abruzzo","isPartOf":{"@id":"https:\/\/www.europevillageabruzzo.it\/#website"},"datePublished":"2017-02-09T17:40:50+00:00","dateModified":"2020-09-28T15:49:14+00:00","description":"Lo studio di consulenza EVA offre servizi integrati rivolti ad imprese, enti istituzionali, professionisti, associazioni, singoli cittatini e startup.","breadcrumb":{"@id":"https:\/\/www.europevillageabruzzo.it\/servizi\/#breadcrumb"},"inLanguage":"es","potentialAction":[{"@type":"ReadAction","target":["https:\/\/www.europevillageabruzzo.it\/servizi\/"]}]},{"@type":"BreadcrumbList","@id":"https:\/\/www.europevillageabruzzo.it\/servizi\/#breadcrumb","itemListElement":[{"@type":"ListItem","position":1,"name":"Home","item":"https:\/\/www.europevillageabruzzo.it\/"},{"@type":"ListItem","position":2,"name":"Servizi"}]},{"@type":"WebSite","@id":"https:\/\/www.europevillageabruzzo.it\/#website","url":"https:\/\/www.europevillageabruzzo.it\/","name":"EVA Europe Village Abruzzo","description":"","potentialAction":[{"@type":"SearchAction","target":{"@type":"EntryPoint","urlTemplate":"https:\/\/www.europevillageabruzzo.it\/?s={search_term_string}"},"query-input":{"@type":"PropertyValueSpecification","valueRequired":true,"valueName":"search_term_string"}}],"inLanguage":"es"}]}},"_links":{"self":[{"href":"https:\/\/www.europevillageabruzzo.it\/es\/wp-json\/wp\/v2\/pages\/1985","targetHints":{"allow":["GET"]}}],"collection":[{"href":"https:\/\/www.europevillageabruzzo.it\/es\/wp-json\/wp\/v2\/pages"}],"about":[{"href":"https:\/\/www.europevillageabruzzo.it\/es\/wp-json\/wp\/v2\/types\/page"}],"author":[{"embeddable":true,"href":"https:\/\/www.europevillageabruzzo.it\/es\/wp-json\/wp\/v2\/users\/1"}],"replies":[{"embeddable":true,"href":"https:\/\/www.europevillageabruzzo.it\/es\/wp-json\/wp\/v2\/comments?post=1985"}],"version-history":[{"count":50,"href":"https:\/\/www.europevillageabruzzo.it\/es\/wp-json\/wp\/v2\/pages\/1985\/revisions"}],"predecessor-version":[{"id":2693,"href":"https:\/\/www.europevillageabruzzo.it\/es\/wp-json\/wp\/v2\/pages\/1985\/revisions\/2693"}],"wp:attachment":[{"href":"https:\/\/www.europevillageabruzzo.it\/es\/wp-json\/wp\/v2\/media?parent=1985"}],"curies":[{"name":"wp","href":"https:\/\/api.w.org\/{rel}","templated":true}]}}