{"id":1989,"date":"2017-02-09T17:43:01","date_gmt":"2017-02-09T17:43:01","guid":{"rendered":"http:\/\/www.europevillageabruzzo.it\/?page_id=1989"},"modified":"2020-09-28T15:37:14","modified_gmt":"2020-09-28T15:37:14","slug":"contatti","status":"publish","type":"page","link":"https:\/\/www.europevillageabruzzo.it\/es\/contatti\/","title":{"rendered":"Contatti"},"content":{"rendered":"<p>[et_pb_section admin_label=\u00bbSezione\u00bb fullwidth=\u00bbon\u00bb specialty=\u00bboff\u00bb transparent_background=\u00bboff\u00bb background_color=\u00bb#274290&#8243; allow_player_pause=\u00bboff\u00bb inner_shadow=\u00bboff\u00bb parallax=\u00bboff\u00bb parallax_method=\u00bboff\u00bb padding_mobile=\u00bboff\u00bb make_fullwidth=\u00bboff\u00bb use_custom_width=\u00bboff\u00bb width_unit=\u00bbon\u00bb make_equal=\u00bboff\u00bb use_custom_gutter=\u00bboff\u00bb][et_pb_fullwidth_header admin_label=\u00bbIntestazione a Larghezza Piena\u00bb title=\u00bbContactos\u00bb background_layout=\u00bblight\u00bb text_orientation=\u00bbleft\u00bb header_fullscreen=\u00bboff\u00bb header_scroll_down=\u00bboff\u00bb parallax=\u00bboff\u00bb parallax_method=\u00bboff\u00bb content_orientation=\u00bbcenter\u00bb image_orientation=\u00bbcenter\u00bb title_font_color=\u00bb#ffffff\u00bb title_font=\u00bb|on|||\u00bb custom_button_one=\u00bboff\u00bb button_one_letter_spacing=\u00bb0&#8243; button_one_use_icon=\u00bbdefault\u00bb button_one_icon_placement=\u00bbright\u00bb button_one_on_hover=\u00bbon\u00bb button_one_letter_spacing_hover=\u00bb0&#8243; custom_button_two=\u00bboff\u00bb button_two_letter_spacing=\u00bb0&#8243; button_two_use_icon=\u00bbdefault\u00bb button_two_icon_placement=\u00bbright\u00bb button_two_on_hover=\u00bbon\u00bb button_two_letter_spacing_hover=\u00bb0&#8243;] [\/et_pb_fullwidth_header][\/et_pb_section][et_pb_section admin_label=\u00bbsection\u00bb fullwidth=\u00bboff\u00bb][et_pb_row admin_label=\u00bbRiga\u00bb make_fullwidth=\u00bboff\u00bb use_custom_width=\u00bboff\u00bb width_unit=\u00bbon\u00bb use_custom_gutter=\u00bboff\u00bb padding_mobile=\u00bboff\u00bb allow_player_pause=\u00bboff\u00bb parallax=\u00bboff\u00bb parallax_method=\u00bboff\u00bb make_equal=\u00bboff\u00bb parallax_1=\u00bboff\u00bb parallax_method_1=\u00bboff\u00bb column_padding_mobile=\u00bbon\u00bb][et_pb_column type=\u00bb4_4&#8243;][et_pb_text admin_label=\u00bbTesto\u00bb background_layout=\u00bblight\u00bb text_orientation=\u00bbleft\u00bb use_border_color=\u00bboff\u00bb border_color=\u00bb#ffffff\u00bb border_style=\u00bbsolid\u00bb text_line_height=\u00bb1em\u00bb]<\/p>\n<p>Estamos a su disposici\u00f3n para ofrecerte nuestro apoyo en la presentaci\u00f3n de proyectos europeos y en el desarrollo de tu idea de negocio. Cont\u00e1ctenos!<\/p>\n<p>[\/et_pb_text][\/et_pb_column][\/et_pb_row][et_pb_row admin_label=\u00bbrow\u00bb make_fullwidth=\u00bboff\u00bb use_custom_width=\u00bboff\u00bb width_unit=\u00bbon\u00bb use_custom_gutter=\u00bboff\u00bb padding_mobile=\u00bboff\u00bb custom_margin=\u00bb-40px|||\u00bb allow_player_pause=\u00bboff\u00bb parallax=\u00bboff\u00bb parallax_method=\u00bboff\u00bb make_equal=\u00bboff\u00bb parallax_1=\u00bboff\u00bb parallax_method_1=\u00bboff\u00bb parallax_2=\u00bboff\u00bb parallax_method_2=\u00bboff\u00bb column_padding_mobile=\u00bbon\u00bb][et_pb_column type=\u00bb1_2&#8243;][et_pb_text admin_label=\u00bbText\u00bb background_layout=\u00bblight\u00bb text_orientation=\u00bbleft\u00bb use_border_color=\u00bboff\u00bb border_color=\u00bb#ffffff\u00bb border_style=\u00bbsolid\u00bb]<\/p>\n<p><strong>Direcci\u00f2n:<\/strong>\u00a0Via Latina, 7 65121 Pescara (PE)<\/p>\n<p><strong>Domicilio social:<\/strong> Via degli Ernici, 11 66100 Chieti (CH)<\/p>\n<p><strong>Tel\u00e8fono: <\/strong>+39 393 836 7723<\/p>\n<p><strong>Email:\u00a0<\/strong>info@europevillageabruzzo.it<\/p>\n<p><strong>Recibimos solo con cita!<\/strong><\/p>\n<p>[\/et_pb_text][\/et_pb_column][et_pb_column type=\u00bb1_2&#8243;][et_pb_contact_form admin_label=\u00bbContact Form\u00bb captcha=\u00bboff\u00bb email=\u00bbinfo@europevillageabruzzo.it\u00bb use_redirect=\u00bboff\u00bb input_border_radius=\u00bb0&#8243; use_border_color=\u00bboff\u00bb border_color=\u00bb#ffffff\u00bb border_style=\u00bbsolid\u00bb custom_button=\u00bboff\u00bb button_letter_spacing=\u00bb0&#8243; button_use_icon=\u00bbdefault\u00bb button_icon_placement=\u00bbright\u00bb button_on_hover=\u00bbon\u00bb button_letter_spacing_hover=\u00bb0&#8243;] [et_pb_contact_field field_title=\u00bbNombre\u00bb field_type=\u00bbinput\u00bb field_id=\u00bbName\u00bb required_mark=\u00bbon\u00bb fullwidth_field=\u00bboff\u00bb form_field_font_select=\u00bbdefault\u00bb form_field_font=\u00bb||||\u00bb use_border_color=\u00bboff\u00bb border_style=\u00bbsolid\u00bb] [\/et_pb_contact_field][et_pb_contact_field field_title=\u00bbApelido\u00bb field_type=\u00bbinput\u00bb field_id=\u00bbCognome\u00bb required_mark=\u00bbon\u00bb fullwidth_field=\u00bboff\u00bb form_field_font_select=\u00bbdefault\u00bb form_field_font=\u00bb||||\u00bb use_border_color=\u00bboff\u00bb border_style=\u00bbsolid\u00bb] [\/et_pb_contact_field][et_pb_contact_field field_title=\u00bbE-mail\u00bb field_type=\u00bbemail\u00bb field_id=\u00bbEmail\u00bb required_mark=\u00bbon\u00bb fullwidth_field=\u00bboff\u00bb form_field_font_select=\u00bbdefault\u00bb form_field_font=\u00bb||||\u00bb use_border_color=\u00bboff\u00bb border_style=\u00bbsolid\u00bb] [\/et_pb_contact_field][et_pb_contact_field field_id=\u00bbTelefono\u00bb field_title=\u00bbTel\u00e9fono\u00bb field_type=\u00bbinput\u00bb required_mark=\u00bboff\u00bb fullwidth_field=\u00bboff\u00bb form_field_font_select=\u00bbdefault\u00bb form_field_font=\u00bb||||\u00bb use_border_color=\u00bboff\u00bb border_style=\u00bbsolid\u00bb] [\/et_pb_contact_field][et_pb_contact_field field_title=\u00bbMensaje\u00bb field_type=\u00bbtext\u00bb field_id=\u00bbMessage\u00bb required_mark=\u00bbon\u00bb fullwidth_field=\u00bbon\u00bb form_field_font_select=\u00bbdefault\u00bb form_field_font=\u00bb||||\u00bb use_border_color=\u00bboff\u00bb border_style=\u00bbsolid\u00bb] [\/et_pb_contact_field] [\/et_pb_contact_form][\/et_pb_column][\/et_pb_row][et_pb_row admin_label=\u00bbRiga\u00bb][et_pb_column type=\u00bb4_4&#8243;][et_pb_map admin_label=\u00bbMappa\u00bb mouse_wheel=\u00bbon\u00bb mobile_dragging=\u00bboff\u00bb use_grayscale_filter=\u00bboff\u00bb address=\u00bbPescara PE, Italia\u00bb address_lat=\u00bb42.46416773455189&#8243; address_lng=\u00bb14.210475936531791&#8243; zoom_level=\u00bb16&#8243;] [et_pb_map_pin pin_address=\u00bbVia Latina, 7, 65121 Pescara PE, Italia\u00bb pin_address_lat=\u00bb42.4642306&#8243; pin_address_lng=\u00bb14.210174000000052&#8243; title=\u00bbDove siamo\u00bb]Dove siamo[\/et_pb_map_pin] [\/et_pb_map][\/et_pb_column][\/et_pb_row][\/et_pb_section]<\/p>","protected":false},"excerpt":{"rendered":"<p>[et_pb_section admin_label=\u00bbSezione\u00bb fullwidth=\u00bbon\u00bb specialty=\u00bboff\u00bb transparent_background=\u00bboff\u00bb background_color=\u00bb#274290&#8243; allow_player_pause=\u00bboff\u00bb inner_shadow=\u00bboff\u00bb parallax=\u00bboff\u00bb parallax_method=\u00bboff\u00bb padding_mobile=\u00bboff\u00bb make_fullwidth=\u00bboff\u00bb use_custom_width=\u00bboff\u00bb width_unit=\u00bbon\u00bb make_equal=\u00bboff\u00bb use_custom_gutter=\u00bboff\u00bb][et_pb_fullwidth_header admin_label=\u00bbIntestazione a Larghezza Piena\u00bb title=\u00bbContactos\u00bb background_layout=\u00bblight\u00bb text_orientation=\u00bbleft\u00bb header_fullscreen=\u00bboff\u00bb header_scroll_down=\u00bboff\u00bb parallax=\u00bboff\u00bb parallax_method=\u00bboff\u00bb content_orientation=\u00bbcenter\u00bb image_orientation=\u00bbcenter\u00bb title_font_color=\u00bb#ffffff\u00bb title_font=\u00bb|on|||\u00bb custom_button_one=\u00bboff\u00bb button_one_letter_spacing=\u00bb0&#8243; button_one_use_icon=\u00bbdefault\u00bb button_one_icon_placement=\u00bbright\u00bb button_one_on_hover=\u00bbon\u00bb button_one_letter_spacing_hover=\u00bb0&#8243; custom_button_two=\u00bboff\u00bb button_two_letter_spacing=\u00bb0&#8243; button_two_use_icon=\u00bbdefault\u00bb button_two_icon_placement=\u00bbright\u00bb button_two_on_hover=\u00bbon\u00bb button_two_letter_spacing_hover=\u00bb0&#8243;] [\/et_pb_fullwidth_header][\/et_pb_section][et_pb_section admin_label=\u00bbsection\u00bb fullwidth=\u00bboff\u00bb][et_pb_row admin_label=\u00bbRiga\u00bb make_fullwidth=\u00bboff\u00bb use_custom_width=\u00bboff\u00bb width_unit=\u00bbon\u00bb use_custom_gutter=\u00bboff\u00bb padding_mobile=\u00bboff\u00bb allow_player_pause=\u00bboff\u00bb parallax=\u00bboff\u00bb parallax_method=\u00bboff\u00bb [&hellip;]<\/p>\n","protected":false},"author":1,"featured_media":0,"parent":0,"menu_order":0,"comment_status":"closed","ping_status":"closed","template":"","meta":{"footnotes":""},"class_list":["post-1989","page","type-page","status-publish","hentry"],"yoast_head":"<!-- This site is optimized with the Yoast SEO plugin v24.3 - https:\/\/yoast.com\/wordpress\/plugins\/seo\/ -->\n<title>Contatti | EVA - Europe Village Abruzzo<\/title>\n<meta name=\"description\" content=\"Contattaci per richiedere consulenza su europrogettazione, finanziamente e supporto per l&#039;avvio di startup. Entra e scopri di pi\u00f9!\" \/>\n<meta name=\"robots\" content=\"index, follow, max-snippet:-1, max-image-preview:large, max-video-preview:-1\" \/>\n<link rel=\"canonical\" href=\"https:\/\/www.europevillageabruzzo.it\/contatti\/\" \/>\n<meta property=\"og:locale\" content=\"es_ES\" \/>\n<meta property=\"og:type\" content=\"article\" \/>\n<meta property=\"og:title\" content=\"Contatti | EVA - Europe Village Abruzzo\" \/>\n<meta property=\"og:description\" content=\"Contattaci per richiedere consulenza su europrogettazione, finanziamente e supporto per l&#039;avvio di startup. Entra e scopri di pi\u00f9!\" \/>\n<meta property=\"og:url\" content=\"https:\/\/www.europevillageabruzzo.it\/contatti\/\" \/>\n<meta property=\"og:site_name\" content=\"EVA Europe Village Abruzzo\" \/>\n<meta property=\"article:modified_time\" content=\"2020-09-28T15:37:14+00:00\" \/>\n<meta name=\"twitter:card\" content=\"summary_large_image\" \/>\n<meta name=\"twitter:label1\" content=\"Tiempo de lectura\" \/>\n\t<meta name=\"twitter:data1\" content=\"11 minutos\" \/>\n<script type=\"application\/ld+json\" class=\"yoast-schema-graph\">{\"@context\":\"https:\/\/schema.org\",\"@graph\":[{\"@type\":\"WebPage\",\"@id\":\"https:\/\/www.europevillageabruzzo.it\/contatti\/\",\"url\":\"https:\/\/www.europevillageabruzzo.it\/contatti\/\",\"name\":\"Contatti | EVA - Europe Village Abruzzo\",\"isPartOf\":{\"@id\":\"https:\/\/www.europevillageabruzzo.it\/#website\"},\"datePublished\":\"2017-02-09T17:43:01+00:00\",\"dateModified\":\"2020-09-28T15:37:14+00:00\",\"description\":\"Contattaci per richiedere consulenza su europrogettazione, finanziamente e supporto per l'avvio di startup. Entra e scopri di pi\u00f9!\",\"breadcrumb\":{\"@id\":\"https:\/\/www.europevillageabruzzo.it\/contatti\/#breadcrumb\"},\"inLanguage\":\"es\",\"potentialAction\":[{\"@type\":\"ReadAction\",\"target\":[\"https:\/\/www.europevillageabruzzo.it\/contatti\/\"]}]},{\"@type\":\"BreadcrumbList\",\"@id\":\"https:\/\/www.europevillageabruzzo.it\/contatti\/#breadcrumb\",\"itemListElement\":[{\"@type\":\"ListItem\",\"position\":1,\"name\":\"Home\",\"item\":\"https:\/\/www.europevillageabruzzo.it\/\"},{\"@type\":\"ListItem\",\"position\":2,\"name\":\"Contatti\"}]},{\"@type\":\"WebSite\",\"@id\":\"https:\/\/www.europevillageabruzzo.it\/#website\",\"url\":\"https:\/\/www.europevillageabruzzo.it\/\",\"name\":\"EVA Europe Village Abruzzo\",\"description\":\"\",\"potentialAction\":[{\"@type\":\"SearchAction\",\"target\":{\"@type\":\"EntryPoint\",\"urlTemplate\":\"https:\/\/www.europevillageabruzzo.it\/?s={search_term_string}\"},\"query-input\":{\"@type\":\"PropertyValueSpecification\",\"valueRequired\":true,\"valueName\":\"search_term_string\"}}],\"inLanguage\":\"es\"}]}<\/script>\n<!-- \/ Yoast SEO plugin. -->","yoast_head_json":{"title":"Contatti | EVA - Europe Village Abruzzo","description":"Contattaci per richiedere consulenza su europrogettazione, finanziamente e supporto per l'avvio di startup. Entra e scopri di pi\u00f9!","robots":{"index":"index","follow":"follow","max-snippet":"max-snippet:-1","max-image-preview":"max-image-preview:large","max-video-preview":"max-video-preview:-1"},"canonical":"https:\/\/www.europevillageabruzzo.it\/contatti\/","og_locale":"es_ES","og_type":"article","og_title":"Contatti | EVA - Europe Village Abruzzo","og_description":"Contattaci per richiedere consulenza su europrogettazione, finanziamente e supporto per l'avvio di startup. Entra e scopri di pi\u00f9!","og_url":"https:\/\/www.europevillageabruzzo.it\/contatti\/","og_site_name":"EVA Europe Village Abruzzo","article_modified_time":"2020-09-28T15:37:14+00:00","twitter_card":"summary_large_image","twitter_misc":{"Tiempo de lectura":"11 minutos"},"schema":{"@context":"https:\/\/schema.org","@graph":[{"@type":"WebPage","@id":"https:\/\/www.europevillageabruzzo.it\/contatti\/","url":"https:\/\/www.europevillageabruzzo.it\/contatti\/","name":"Contatti | EVA - Europe Village Abruzzo","isPartOf":{"@id":"https:\/\/www.europevillageabruzzo.it\/#website"},"datePublished":"2017-02-09T17:43:01+00:00","dateModified":"2020-09-28T15:37:14+00:00","description":"Contattaci per richiedere consulenza su europrogettazione, finanziamente e supporto per l'avvio di startup. Entra e scopri di pi\u00f9!","breadcrumb":{"@id":"https:\/\/www.europevillageabruzzo.it\/contatti\/#breadcrumb"},"inLanguage":"es","potentialAction":[{"@type":"ReadAction","target":["https:\/\/www.europevillageabruzzo.it\/contatti\/"]}]},{"@type":"BreadcrumbList","@id":"https:\/\/www.europevillageabruzzo.it\/contatti\/#breadcrumb","itemListElement":[{"@type":"ListItem","position":1,"name":"Home","item":"https:\/\/www.europevillageabruzzo.it\/"},{"@type":"ListItem","position":2,"name":"Contatti"}]},{"@type":"WebSite","@id":"https:\/\/www.europevillageabruzzo.it\/#website","url":"https:\/\/www.europevillageabruzzo.it\/","name":"EVA Europe Village Abruzzo","description":"","potentialAction":[{"@type":"SearchAction","target":{"@type":"EntryPoint","urlTemplate":"https:\/\/www.europevillageabruzzo.it\/?s={search_term_string}"},"query-input":{"@type":"PropertyValueSpecification","valueRequired":true,"valueName":"search_term_string"}}],"inLanguage":"es"}]}},"_links":{"self":[{"href":"https:\/\/www.europevillageabruzzo.it\/es\/wp-json\/wp\/v2\/pages\/1989","targetHints":{"allow":["GET"]}}],"collection":[{"href":"https:\/\/www.europevillageabruzzo.it\/es\/wp-json\/wp\/v2\/pages"}],"about":[{"href":"https:\/\/www.europevillageabruzzo.it\/es\/wp-json\/wp\/v2\/types\/page"}],"author":[{"embeddable":true,"href":"https:\/\/www.europevillageabruzzo.it\/es\/wp-json\/wp\/v2\/users\/1"}],"replies":[{"embeddable":true,"href":"https:\/\/www.europevillageabruzzo.it\/es\/wp-json\/wp\/v2\/comments?post=1989"}],"version-history":[{"count":41,"href":"https:\/\/www.europevillageabruzzo.it\/es\/wp-json\/wp\/v2\/pages\/1989\/revisions"}],"predecessor-version":[{"id":2691,"href":"https:\/\/www.europevillageabruzzo.it\/es\/wp-json\/wp\/v2\/pages\/1989\/revisions\/2691"}],"wp:attachment":[{"href":"https:\/\/www.europevillageabruzzo.it\/es\/wp-json\/wp\/v2\/media?parent=1989"}],"curies":[{"name":"wp","href":"https:\/\/api.w.org\/{rel}","templated":true}]}}