{"id":2,"date":"2017-02-09T16:21:52","date_gmt":"2017-02-09T16:21:52","guid":{"rendered":"http:\/\/europevillageabruzzo.it\/?page_id=2"},"modified":"2019-04-04T15:26:25","modified_gmt":"2019-04-04T15:26:25","slug":"home","status":"publish","type":"page","link":"https:\/\/www.europevillageabruzzo.it\/es\/","title":{"rendered":"Home"},"content":{"rendered":"<p>[et_pb_section admin_label=\u00bbsection\u00bb fullwidth=\u00bbon\u00bb specialty=\u00bboff\u00bb][et_pb_fullwidth_slider admin_label=\u00bbFullwidth Slider\u00bb show_arrows=\u00bbon\u00bb show_pagination=\u00bbon\u00bb auto=\u00bbon\u00bb parallax=\u00bboff\u00bb auto_ignore_hover=\u00bboff\u00bb parallax_method=\u00bboff\u00bb remove_inner_shadow=\u00bboff\u00bb background_position=\u00bbdefault\u00bb background_size=\u00bbdefault\u00bb hide_content_on_mobile=\u00bboff\u00bb hide_cta_on_mobile=\u00bboff\u00bb show_image_video_mobile=\u00bboff\u00bb custom_button=\u00bboff\u00bb button_letter_spacing=\u00bb0&#8243; button_use_icon=\u00bbdefault\u00bb button_icon_placement=\u00bbright\u00bb button_on_hover=\u00bbon\u00bb button_letter_spacing_hover=\u00bb0&#8243; auto_speed=\u00bb5000&#8243;]<\/p>\n<p>[et_pb_slide heading=\u00bbEurope Village Abruzzo\u00bb background_color=\u00bb#ffffff\u00bb alignment=\u00bbcenter\u00bb background_layout=\u00bbdark\u00bb background_image=\u00bbhttp:\/\/www.europevillageabruzzo.it\/wp-content\/uploads\/2017\/02\/slider-principale.jpg\u00bb background_position=\u00bbcenter\u00bb background_size=\u00bbdefault\u00bb use_bg_overlay=\u00bboff\u00bb use_text_overlay=\u00bbon\u00bb allow_player_pause=\u00bboff\u00bb text_border_radius=\u00bb3&#8243; header_font_select=\u00bbdefault\u00bb header_font=\u00bb|on|||\u00bb body_font_select=\u00bbdefault\u00bb body_font=\u00bb||||\u00bb custom_button=\u00bboff\u00bb button_font_select=\u00bbdefault\u00bb button_font=\u00bb||||\u00bb button_use_icon=\u00bbdefault\u00bb button_icon_placement=\u00bbright\u00bb button_on_hover=\u00bbon\u00bb header_text_color=\u00bb#ffffff\u00bb text_overlay_color=\u00bbrgba(95,66,62,0.5)\u00bb header_line_height_tablet=\u00bb2em\u00bb header_line_height_phone=\u00bb2em\u00bb custom_css_main_element=\u00bbheight:80vh;\u00bb]<\/p>\n<h3 style=\"text-align: center;\"><\/h3>\n<h3 style=\"text-align: center;\">Shape and Share Innovation<\/h3>\n<p>[\/et_pb_slide][et_pb_slide button_link=\u00bbhttp:\/\/www.europevillageabruzzo.it\/servizi\/\u00bb background_color=\u00bb#ffffff\u00bb alignment=\u00bbcenter\u00bb background_layout=\u00bbdark\u00bb background_image=\u00bbhttp:\/\/www.europevillageabruzzo.it\/wp-content\/uploads\/2017\/02\/Senza-titolo-4.jpg\u00bb background_position=\u00bbcenter\u00bb background_size=\u00bbdefault\u00bb use_bg_overlay=\u00bboff\u00bb use_text_overlay=\u00bbon\u00bb allow_player_pause=\u00bboff\u00bb text_border_radius=\u00bb3&#8243; header_font_select=\u00bbdefault\u00bb header_font=\u00bb|on|||\u00bb body_font_select=\u00bbdefault\u00bb body_font=\u00bb||||\u00bb custom_button=\u00bboff\u00bb button_font_select=\u00bbdefault\u00bb button_font=\u00bb||||\u00bb button_use_icon=\u00bbdefault\u00bb button_icon_placement=\u00bbright\u00bb button_on_hover=\u00bbon\u00bb header_text_color=\u00bb#ffffff\u00bb text_overlay_color=\u00bbrgba(95,66,62,0.5)\u00bb header_line_height_tablet=\u00bb2em\u00bb header_line_height_phone=\u00bb2em\u00bb heading=\u00bbConsultor\u00eda y Formaci\u00f3n\u00bb body_text_color=\u00bb#ffffff\u00bb dot_nav_custom_color=\u00bb#000000&#8243; custom_css_main_element=\u00bbheight:80vh;\u00bb]<\/p>\n<h3 style=\"text-align: center;\"><\/h3>\n<h3 style=\"text-align: center;\">para la presentaci\u00f3n y gesti\u00f3n de proyectos europeos<\/h3>\n<p>[\/et_pb_slide][et_pb_slide button_link=\u00bbhttp:\/\/www.europevillageabruzzo.it\/servizi\/\u00bb background_color=\u00bb#ffffff\u00bb alignment=\u00bbcenter\u00bb background_layout=\u00bbdark\u00bb background_image=\u00bbhttp:\/\/www.europevillageabruzzo.it\/wp-content\/uploads\/2017\/02\/Senza-titolo-3.jpg\u00bb background_position=\u00bbcenter\u00bb background_size=\u00bbdefault\u00bb use_bg_overlay=\u00bboff\u00bb use_text_overlay=\u00bbon\u00bb allow_player_pause=\u00bboff\u00bb text_border_radius=\u00bb3&#8243; header_font_select=\u00bbdefault\u00bb header_font=\u00bb|on|||\u00bb body_font_select=\u00bbdefault\u00bb body_font=\u00bb||||\u00bb custom_button=\u00bboff\u00bb button_font_select=\u00bbdefault\u00bb button_font=\u00bb||||\u00bb button_use_icon=\u00bbdefault\u00bb button_icon_placement=\u00bbright\u00bb button_on_hover=\u00bbon\u00bb header_text_color=\u00bb#ffffff\u00bb text_overlay_color=\u00bbrgba(95,66,62,0.5)\u00bb header_line_height_tablet=\u00bb2em\u00bb header_line_height_phone=\u00bb2em\u00bb heading=\u00bbApoyo y Asistencia\u00bb body_text_color=\u00bb#dd3333&#8243; dot_nav_custom_color=\u00bb#ffffff\u00bb custom_css_main_element=\u00bbheight:80vh;\u00bb]<\/p>\n<h3 style=\"text-align: center;\"><\/h3>\n<h3 style=\"text-align: center;\">para el desarrollo de ideas de negocio y el lanzamiento de Start Up<\/h3>\n<p>[\/et_pb_slide]<\/p>\n<p>[\/et_pb_fullwidth_slider][\/et_pb_section][et_pb_section admin_label=\u00bbSezione\u00bb fullwidth=\u00bboff\u00bb specialty=\u00bboff\u00bb][et_pb_row admin_label=\u00bbRiga\u00bb][et_pb_column type=\u00bb4_4&#8243;][et_pb_text admin_label=\u00bbTesto\u00bb background_layout=\u00bblight\u00bb text_orientation=\u00bbleft\u00bb use_border_color=\u00bboff\u00bb border_color=\u00bb#ffffff\u00bb border_style=\u00bbsolid\u00bb]<\/p>\n<p>En 2013 fundamos Europe Village Abruzzo (EVA) como un equipo informal de profesionales con experiencia en el \u00e1mbito legal, ling\u00fc\u00edstico, econ\u00f3mico, educativo, transnacional, gr\u00e1fico y arquitect\u00f3nico, compartiendo la pasi\u00f3n por la innovaci\u00f3n y el conocimiento de las t\u00e9cnicas de redacci\u00f3n de los proyectos europeos.<\/p>\n<p>Creemos firmemente que los procesos de innovaci\u00f3n e internacionalizaci\u00f3n, combinadas con inversiones dirigidas, constituyen la clave del \u00e9xito para el futuro y el renacimiento de la trama social y econ\u00f3mica de Abruzzo, Italia y Europa.<\/p>\n<p>Para esto, te ayudaremos a dar forma, a compartir y a difundir tus ideas innovadoras y te apoyaremos en la consecuci\u00f3n de objetivos concretos y de largo plazo para tu negocio y el inicio de su puesta en marcha.<\/p>\n<p>[\/et_pb_text][\/et_pb_column][\/et_pb_row][et_pb_row admin_label=\u00bbRiga\u00bb][et_pb_column type=\u00bb1_2&#8243;][et_pb_testimonial admin_label=\u00bbMarco di Sebastiano\u00bb author=\u00bbMarco Di Sebastiano\u00bb url_new_window=\u00bbon\u00bb portrait_url=\u00bbhttp:\/\/www.europevillageabruzzo.it\/wp-content\/uploads\/2017\/02\/Marco.jpg\u00bb quote_icon=\u00bboff\u00bb use_background_color=\u00bbon\u00bb background_color=\u00bb#f5f5f5&#8243; background_layout=\u00bblight\u00bb text_orientation=\u00bbleft\u00bb job_title=\u00bbFundador, consultor y dise\u00f1ador europeo, entrenador\u00bb url=\u00bbhttp:\/\/www.europevillageabruzzo.it\/chi-siamo\/\u00bb use_border_color=\u00bboff\u00bb border_color=\u00bb#ffffff\u00bb border_style=\u00bbsolid\u00bb custom_padding=\u00bb27px||5px|\u00bb]<\/p>\n<p><i><span style=\"font-weight: 400;\">Actividades de formaci\u00f3n y asesoriamento en los \u00e1mbitos p\u00fablicos y<br \/>\nprivados. Sistemas de gesti\u00f3n de las fuentes de financiaci\u00f3n europea, planificaci\u00f3n comunitaria, creaci\u00f3n de alianzas, planificaci\u00f3n de la formaci\u00f3n y gesti\u00f3n de proyectos.<\/span><\/i><\/p>\n<p>[\/et_pb_testimonial][\/et_pb_column][et_pb_column type=\u00bb1_2&#8243;][et_pb_testimonial admin_label=\u00bbBarbara Bozza\u00bb author=\u00bbBarbara Bozza\u00bb url_new_window=\u00bbon\u00bb portrait_url=\u00bbhttp:\/\/www.europevillageabruzzo.it\/wp-content\/uploads\/2017\/02\/Barbara-tonda-e1488275517628.jpg\u00bb quote_icon=\u00bboff\u00bb use_background_color=\u00bbon\u00bb background_color=\u00bb#f5f5f5&#8243; background_layout=\u00bblight\u00bb text_orientation=\u00bbleft\u00bb job_title=\u00bbCofundador, Gerente de Capacitaci\u00f3n, dise\u00f1ador europeo\u00bb url=\u00bbhttp:\/\/www.europevillageabruzzo.it\/chi-siamo\/\u00bb use_border_color=\u00bboff\u00bb border_color=\u00bb#ffffff\u00bb border_style=\u00bbsolid\u00bb custom_padding=\u00bb27px||10px|\u00bb]<\/p>\n<p><i>Redacci\u00f3n y gesti\u00f3n de la formaci\u00f3n profesional, tanto financiada como\u00a0privada.<\/i><i><br \/>\nGesti\u00f3n de las fuentes\u00a0 de financiaci\u00f3n comunitaria directas e indirectas, y\u00a0de las alianzas\u00a0 internacionales y locales.\u00a0<\/i><\/p>\n<p>[\/et_pb_testimonial][\/et_pb_column][\/et_pb_row][\/et_pb_section][et_pb_section admin_label=\u00bbsection\u00bb][et_pb_row admin_label=\u00bbRiga\u00bb][et_pb_column type=\u00bb4_4&#8243;][et_pb_post_slider admin_label=\u00bbSlider post\u00bb posts_number=\u00bb3&#8243; include_categories=\u00bb13,12,15,16&#8243; orderby=\u00bbdate_desc\u00bb show_arrows=\u00bbon\u00bb show_pagination=\u00bbon\u00bb show_more_button=\u00bbon\u00bb content_source=\u00bboff\u00bb use_manual_excerpt=\u00bbon\u00bb show_meta=\u00bbon\u00bb background_layout=\u00bbdark\u00bb show_image=\u00bbon\u00bb image_placement=\u00bbleft\u00bb parallax=\u00bboff\u00bb parallax_method=\u00bboff\u00bb use_bg_overlay=\u00bbon\u00bb use_text_overlay=\u00bboff\u00bb remove_inner_shadow=\u00bboff\u00bb background_position=\u00bbdefault\u00bb background_size=\u00bbdefault\u00bb auto=\u00bboff\u00bb auto_ignore_hover=\u00bboff\u00bb hide_content_on_mobile=\u00bboff\u00bb hide_cta_on_mobile=\u00bboff\u00bb show_image_video_mobile=\u00bboff\u00bb meta_letter_spacing=\u00bb0&#8243; custom_button=\u00bboff\u00bb button_letter_spacing=\u00bb0&#8243; button_use_icon=\u00bbdefault\u00bb button_icon_placement=\u00bbright\u00bb button_on_hover=\u00bbon\u00bb button_letter_spacing_hover=\u00bb0&#8243; more_text=\u00bbLeggi tutto\u00bb top_padding=\u00bb25px\u00bb bottom_padding=\u00bb25px\u00bb header_font_size=\u00bb25&#8243; body_font_size=\u00bb14&#8243; body_letter_spacing=\u00bb1px\u00bb]<\/p>\n<p>[\/et_pb_post_slider][\/et_pb_column][\/et_pb_row][\/et_pb_section]<\/p>","protected":false},"excerpt":{"rendered":"<p>[et_pb_section admin_label=\u00bbsection\u00bb fullwidth=\u00bbon\u00bb specialty=\u00bboff\u00bb][et_pb_fullwidth_slider admin_label=\u00bbFullwidth Slider\u00bb show_arrows=\u00bbon\u00bb show_pagination=\u00bbon\u00bb auto=\u00bbon\u00bb parallax=\u00bboff\u00bb auto_ignore_hover=\u00bboff\u00bb parallax_method=\u00bboff\u00bb remove_inner_shadow=\u00bboff\u00bb background_position=\u00bbdefault\u00bb background_size=\u00bbdefault\u00bb hide_content_on_mobile=\u00bboff\u00bb hide_cta_on_mobile=\u00bboff\u00bb show_image_video_mobile=\u00bboff\u00bb custom_button=\u00bboff\u00bb button_letter_spacing=\u00bb0&#8243; button_use_icon=\u00bbdefault\u00bb button_icon_placement=\u00bbright\u00bb button_on_hover=\u00bbon\u00bb button_letter_spacing_hover=\u00bb0&#8243; auto_speed=\u00bb5000&#8243;] [et_pb_slide heading=\u00bbEurope Village Abruzzo\u00bb background_color=\u00bb#ffffff\u00bb alignment=\u00bbcenter\u00bb background_layout=\u00bbdark\u00bb background_image=\u00bbhttp:\/\/www.europevillageabruzzo.it\/wp-content\/uploads\/2017\/02\/slider-principale.jpg\u00bb background_position=\u00bbcenter\u00bb background_size=\u00bbdefault\u00bb use_bg_overlay=\u00bboff\u00bb use_text_overlay=\u00bbon\u00bb allow_player_pause=\u00bboff\u00bb text_border_radius=\u00bb3&#8243; header_font_select=\u00bbdefault\u00bb header_font=\u00bb|on|||\u00bb body_font_select=\u00bbdefault\u00bb body_font=\u00bb||||\u00bb custom_button=\u00bboff\u00bb button_font_select=\u00bbdefault\u00bb button_font=\u00bb||||\u00bb button_use_icon=\u00bbdefault\u00bb button_icon_placement=\u00bbright\u00bb button_on_hover=\u00bbon\u00bb header_text_color=\u00bb#ffffff\u00bb text_overlay_color=\u00bbrgba(95,66,62,0.5)\u00bb header_line_height_tablet=\u00bb2em\u00bb header_line_height_phone=\u00bb2em\u00bb custom_css_main_element=\u00bbheight:80vh;\u00bb] Shape [&hellip;]<\/p>\n","protected":false},"author":1,"featured_media":0,"parent":0,"menu_order":0,"comment_status":"closed","ping_status":"open","template":"","meta":{"footnotes":""},"class_list":["post-2","page","type-page","status-publish","hentry"],"yoast_head":"<!-- This site is optimized with the Yoast SEO plugin v24.3 - https:\/\/yoast.com\/wordpress\/plugins\/seo\/ -->\n<title>EVA - Europe Village Abruzzo | Europrogettazione e Finanziamenti<\/title>\n<meta name=\"description\" content=\"Il nostro team offre un servizio di consulenza, formazione e assistenza sui programmi di finanziamento europei e supporto per l&#039; avvio di strartup\" \/>\n<meta name=\"robots\" content=\"index, follow, max-snippet:-1, max-image-preview:large, max-video-preview:-1\" \/>\n<link rel=\"canonical\" href=\"https:\/\/www.europevillageabruzzo.it\/\" \/>\n<meta property=\"og:locale\" content=\"es_ES\" \/>\n<meta property=\"og:type\" content=\"article\" \/>\n<meta property=\"og:title\" content=\"EVA - Europe Village Abruzzo\" \/>\n<meta property=\"og:description\" content=\"Il nostro team offre un servizio di informazione, formazione, assistenza tecnica e consulenza sui programmi di finanziamento europei.\" \/>\n<meta property=\"og:url\" content=\"https:\/\/www.europevillageabruzzo.it\/\" \/>\n<meta property=\"og:site_name\" content=\"EVA Europe Village Abruzzo\" \/>\n<meta property=\"article:modified_time\" content=\"2019-04-04T15:26:25+00:00\" \/>\n<meta property=\"og:image\" content=\"http:\/\/www.europevillageabruzzo.it\/wp-content\/uploads\/2017\/02\/facebook-web.jpg\" \/>\n<meta name=\"twitter:card\" content=\"summary_large_image\" \/>\n<meta name=\"twitter:title\" content=\"Team EVA - Europe Village Abruzzo\" \/>\n<meta name=\"twitter:description\" content=\"Il nostro team offre un servizio di informazione, formazione, assistenza tecnica e consulenza sui programmi di finanziamento europei.\" \/>\n<meta name=\"twitter:image\" content=\"http:\/\/www.europevillageabruzzo.it\/wp-content\/uploads\/2017\/02\/facebook-web.jpg\" \/>\n<meta name=\"twitter:label1\" content=\"Tiempo de lectura\" \/>\n\t<meta name=\"twitter:data1\" content=\"18 minutos\" \/>\n<script type=\"application\/ld+json\" class=\"yoast-schema-graph\">{\"@context\":\"https:\/\/schema.org\",\"@graph\":[{\"@type\":\"WebPage\",\"@id\":\"https:\/\/www.europevillageabruzzo.it\/\",\"url\":\"https:\/\/www.europevillageabruzzo.it\/\",\"name\":\"EVA - Europe Village Abruzzo | Europrogettazione e Finanziamenti\",\"isPartOf\":{\"@id\":\"https:\/\/www.europevillageabruzzo.it\/#website\"},\"datePublished\":\"2017-02-09T16:21:52+00:00\",\"dateModified\":\"2019-04-04T15:26:25+00:00\",\"description\":\"Il nostro team offre un servizio di consulenza, formazione e assistenza sui programmi di finanziamento europei e supporto per l' avvio di strartup\",\"breadcrumb\":{\"@id\":\"https:\/\/www.europevillageabruzzo.it\/#breadcrumb\"},\"inLanguage\":\"es\",\"potentialAction\":[{\"@type\":\"ReadAction\",\"target\":[\"https:\/\/www.europevillageabruzzo.it\/\"]}]},{\"@type\":\"BreadcrumbList\",\"@id\":\"https:\/\/www.europevillageabruzzo.it\/#breadcrumb\",\"itemListElement\":[{\"@type\":\"ListItem\",\"position\":1,\"name\":\"Home\",\"item\":\"https:\/\/www.europevillageabruzzo.it\/\"},{\"@type\":\"ListItem\",\"position\":2,\"name\":\"Home\"}]},{\"@type\":\"WebSite\",\"@id\":\"https:\/\/www.europevillageabruzzo.it\/#website\",\"url\":\"https:\/\/www.europevillageabruzzo.it\/\",\"name\":\"EVA Europe Village Abruzzo\",\"description\":\"\",\"potentialAction\":[{\"@type\":\"SearchAction\",\"target\":{\"@type\":\"EntryPoint\",\"urlTemplate\":\"https:\/\/www.europevillageabruzzo.it\/?s={search_term_string}\"},\"query-input\":{\"@type\":\"PropertyValueSpecification\",\"valueRequired\":true,\"valueName\":\"search_term_string\"}}],\"inLanguage\":\"es\"}]}<\/script>\n<!-- \/ Yoast SEO plugin. -->","yoast_head_json":{"title":"EVA - Europe Village Abruzzo | Europrogettazione e Finanziamenti","description":"Il nostro team offre un servizio di consulenza, formazione e assistenza sui programmi di finanziamento europei e supporto per l' avvio di strartup","robots":{"index":"index","follow":"follow","max-snippet":"max-snippet:-1","max-image-preview":"max-image-preview:large","max-video-preview":"max-video-preview:-1"},"canonical":"https:\/\/www.europevillageabruzzo.it\/","og_locale":"es_ES","og_type":"article","og_title":"EVA - Europe Village Abruzzo","og_description":"Il nostro team offre un servizio di informazione, formazione, assistenza tecnica e consulenza sui programmi di finanziamento europei.","og_url":"https:\/\/www.europevillageabruzzo.it\/","og_site_name":"EVA Europe Village Abruzzo","article_modified_time":"2019-04-04T15:26:25+00:00","og_image":[{"url":"http:\/\/www.europevillageabruzzo.it\/wp-content\/uploads\/2017\/02\/facebook-web.jpg","type":"","width":"","height":""}],"twitter_card":"summary_large_image","twitter_title":"Team EVA - Europe Village Abruzzo","twitter_description":"Il nostro team offre un servizio di informazione, formazione, assistenza tecnica e consulenza sui programmi di finanziamento europei.","twitter_image":"http:\/\/www.europevillageabruzzo.it\/wp-content\/uploads\/2017\/02\/facebook-web.jpg","twitter_misc":{"Tiempo de lectura":"18 minutos"},"schema":{"@context":"https:\/\/schema.org","@graph":[{"@type":"WebPage","@id":"https:\/\/www.europevillageabruzzo.it\/","url":"https:\/\/www.europevillageabruzzo.it\/","name":"EVA - Europe Village Abruzzo | Europrogettazione e Finanziamenti","isPartOf":{"@id":"https:\/\/www.europevillageabruzzo.it\/#website"},"datePublished":"2017-02-09T16:21:52+00:00","dateModified":"2019-04-04T15:26:25+00:00","description":"Il nostro team offre un servizio di consulenza, formazione e assistenza sui programmi di finanziamento europei e supporto per l' avvio di strartup","breadcrumb":{"@id":"https:\/\/www.europevillageabruzzo.it\/#breadcrumb"},"inLanguage":"es","potentialAction":[{"@type":"ReadAction","target":["https:\/\/www.europevillageabruzzo.it\/"]}]},{"@type":"BreadcrumbList","@id":"https:\/\/www.europevillageabruzzo.it\/#breadcrumb","itemListElement":[{"@type":"ListItem","position":1,"name":"Home","item":"https:\/\/www.europevillageabruzzo.it\/"},{"@type":"ListItem","position":2,"name":"Home"}]},{"@type":"WebSite","@id":"https:\/\/www.europevillageabruzzo.it\/#website","url":"https:\/\/www.europevillageabruzzo.it\/","name":"EVA Europe Village Abruzzo","description":"","potentialAction":[{"@type":"SearchAction","target":{"@type":"EntryPoint","urlTemplate":"https:\/\/www.europevillageabruzzo.it\/?s={search_term_string}"},"query-input":{"@type":"PropertyValueSpecification","valueRequired":true,"valueName":"search_term_string"}}],"inLanguage":"es"}]}},"_links":{"self":[{"href":"https:\/\/www.europevillageabruzzo.it\/es\/wp-json\/wp\/v2\/pages\/2","targetHints":{"allow":["GET"]}}],"collection":[{"href":"https:\/\/www.europevillageabruzzo.it\/es\/wp-json\/wp\/v2\/pages"}],"about":[{"href":"https:\/\/www.europevillageabruzzo.it\/es\/wp-json\/wp\/v2\/types\/page"}],"author":[{"embeddable":true,"href":"https:\/\/www.europevillageabruzzo.it\/es\/wp-json\/wp\/v2\/users\/1"}],"replies":[{"embeddable":true,"href":"https:\/\/www.europevillageabruzzo.it\/es\/wp-json\/wp\/v2\/comments?post=2"}],"version-history":[{"count":92,"href":"https:\/\/www.europevillageabruzzo.it\/es\/wp-json\/wp\/v2\/pages\/2\/revisions"}],"predecessor-version":[{"id":2670,"href":"https:\/\/www.europevillageabruzzo.it\/es\/wp-json\/wp\/v2\/pages\/2\/revisions\/2670"}],"wp:attachment":[{"href":"https:\/\/www.europevillageabruzzo.it\/es\/wp-json\/wp\/v2\/media?parent=2"}],"curies":[{"name":"wp","href":"https:\/\/api.w.org\/{rel}","templated":true}]}}