{"id":2040,"date":"2017-02-10T10:46:33","date_gmt":"2017-02-10T10:46:33","guid":{"rendered":"http:\/\/www.europevillageabruzzo.it\/?page_id=2040"},"modified":"2020-09-28T15:23:59","modified_gmt":"2020-09-28T15:23:59","slug":"chi-siamo","status":"publish","type":"page","link":"https:\/\/www.europevillageabruzzo.it\/es\/chi-siamo\/","title":{"rendered":"Chi siamo"},"content":{"rendered":"<p>[et_pb_section admin_label=\u00bbSezione\u00bb fullwidth=\u00bbon\u00bb specialty=\u00bboff\u00bb transparent_background=\u00bboff\u00bb background_color=\u00bb#274390&#8243; allow_player_pause=\u00bboff\u00bb inner_shadow=\u00bboff\u00bb parallax=\u00bboff\u00bb parallax_method=\u00bboff\u00bb padding_mobile=\u00bboff\u00bb make_fullwidth=\u00bboff\u00bb use_custom_width=\u00bboff\u00bb width_unit=\u00bbon\u00bb make_equal=\u00bboff\u00bb use_custom_gutter=\u00bboff\u00bb][et_pb_fullwidth_header admin_label=\u00bbIntestazione a Larghezza Piena\u00bb title=\u00bbQuienes Somos\u00bb background_layout=\u00bblight\u00bb text_orientation=\u00bbleft\u00bb header_fullscreen=\u00bboff\u00bb header_scroll_down=\u00bboff\u00bb parallax=\u00bboff\u00bb parallax_method=\u00bboff\u00bb content_orientation=\u00bbcenter\u00bb image_orientation=\u00bbcenter\u00bb title_font_color=\u00bb#ffffff\u00bb custom_button_one=\u00bboff\u00bb button_one_letter_spacing=\u00bb0&#8243; button_one_use_icon=\u00bbdefault\u00bb button_one_icon_placement=\u00bbright\u00bb button_one_on_hover=\u00bbon\u00bb button_one_letter_spacing_hover=\u00bb0&#8243; custom_button_two=\u00bboff\u00bb button_two_letter_spacing=\u00bb0&#8243; button_two_use_icon=\u00bbdefault\u00bb button_two_icon_placement=\u00bbright\u00bb button_two_on_hover=\u00bbon\u00bb button_two_letter_spacing_hover=\u00bb0&#8243; title_font=\u00bb|on|||\u00bb] [\/et_pb_fullwidth_header][\/et_pb_section][et_pb_section admin_label=\u00bbsection\u00bb fullwidth=\u00bboff\u00bb specialty=\u00bboff\u00bb background_color=\u00bb#f7f7f7&#8243; inner_shadow=\u00bbon\u00bb parallax=\u00bboff\u00bb][et_pb_row admin_label=\u00bbrow\u00bb][et_pb_column type=\u00bb1_2&#8243;][et_pb_image admin_label=\u00bbImmagine\u00bb src=\u00bbhttp:\/\/www.europevillageabruzzo.it\/wp-content\/uploads\/2017\/02\/servizi.jpg\u00bb show_in_lightbox=\u00bboff\u00bb url_new_window=\u00bboff\u00bb use_overlay=\u00bboff\u00bb animation=\u00bboff\u00bb sticky=\u00bboff\u00bb align=\u00bbcenter\u00bb force_fullwidth=\u00bboff\u00bb always_center_on_mobile=\u00bbon\u00bb use_border_color=\u00bboff\u00bb border_color=\u00bb#ffffff\u00bb border_style=\u00bbsolid\u00bb custom_margin=\u00bb50px|||\u00bb disabled=\u00bboff\u00bb disabled_on=\u00bb|on|\u00bb] [\/et_pb_image][\/et_pb_column][et_pb_column type=\u00bb1_2&#8243;][et_pb_text admin_label=\u00bbText\u00bb background_layout=\u00bblight\u00bb text_orientation=\u00bbleft\u00bb use_border_color=\u00bboff\u00bb border_color=\u00bb#ffffff\u00bb border_style=\u00bbsolid\u00bb custom_padding=\u00bb40px|||\u00bb]<\/p>\n<p style=\"text-align: left;\">La Consultor\u00eda de EVA (Europa Village Abruzzo) fue fundada en 2013 como un equipo informal de profesionales que trabajan en diferentes campos, pero que comparten una pasi\u00f3n por la innovaci\u00f3n y el conocimiento de las t\u00e9cnicas de <strong>redacci\u00f3n de proyectos europeos<\/strong>. El estudio ofrece un servicio de informaci\u00f3n, formaci\u00f3n, asistencia t\u00e9cnica y asesoramiento sobre las oportunidades, los programas y las prestaciones econ\u00f3micas disponibles a nivel europeo, nacional y regional.<\/p>\n<p style=\"text-align: left;\"><span style=\"font-weight: 400;\">A trav\u00e9s de sus propios canales de comunicaci\u00f3n, EVA tiene como objetivo informar sobre temas como las <strong>pol\u00edticas europeas<\/strong>, el mundo de las <strong>nuevas empresas<\/strong> y <strong>digitales<\/strong>,<strong> las oportunidades y los fondos<\/strong> disponibles para las asociaciones, las empresas y los ciudadanos, con los ojos mirando a un gran denominador com\u00fan: la<strong> innovaci\u00f3n<\/strong>. EVA tambi\u00e9n responde a la necesidad de conocimiento y a la solicitud de apoyo, ofreciendo, por un lado, una <strong>formaci\u00f3n<\/strong> de calidad sobre temas transversales &#8211; metodolog\u00edas y t\u00e9cnicas de redacci\u00f3n de proyectos europeos, el uso de los fondos europeos, la creaci\u00f3n de Start Up, innovaci\u00f3n de empresa y social &#8211; y por el otro, <strong>asesoramiento y asistencia<\/strong> en el campo de dise\u00f1o europeo, con el fin de beneficiarse de la financiaci\u00f3n estructural o directa proporcionada por la Uni\u00f3n Europea.<\/span><\/p>\n<p>&nbsp;<\/p>\n<p>[\/et_pb_text][\/et_pb_column][\/et_pb_row][\/et_pb_section][et_pb_section admin_label=\u00bbSezione\u00bb fullwidth=\u00bboff\u00bb specialty=\u00bboff\u00bb][et_pb_row admin_label=\u00bbRiga\u00bb][et_pb_column type=\u00bb4_4&#8243;][et_pb_text admin_label=\u00bbTesto\u00bb background_layout=\u00bblight\u00bb text_orientation=\u00bbleft\u00bb use_border_color=\u00bboff\u00bb border_color=\u00bb#ffffff\u00bb border_style=\u00bbsolid\u00bb]<\/p>\n<h3 style=\"text-align: center;\"><strong>Fundadores<\/strong><\/h3>\n<p>[\/et_pb_text][\/et_pb_column][\/et_pb_row][et_pb_row admin_label=\u00bbRiga\u00bb][et_pb_column type=\u00bb1_4&#8243;][et_pb_image admin_label=\u00bbImmagine\u00bb src=\u00bbhttp:\/\/www.europevillageabruzzo.it\/wp-content\/uploads\/2017\/02\/Marco-tonda-e1488275864316.jpg\u00bb show_in_lightbox=\u00bboff\u00bb url_new_window=\u00bboff\u00bb use_overlay=\u00bboff\u00bb animation=\u00bboff\u00bb sticky=\u00bboff\u00bb align=\u00bbcenter\u00bb force_fullwidth=\u00bboff\u00bb always_center_on_mobile=\u00bbon\u00bb use_border_color=\u00bboff\u00bb border_color=\u00bb#ffffff\u00bb border_style=\u00bbsolid\u00bb] [\/et_pb_image][\/et_pb_column][et_pb_column type=\u00bb1_4&#8243;][et_pb_team_member admin_label=\u00bbTeam Member\u00bb name=\u00bbMarco Di Sebastiano\u00bb animation=\u00bboff\u00bb background_layout=\u00bblight\u00bb facebook_url=\u00bbhttps:\/\/www.facebook.com\/marcodisebastiano\u00bb linkedin_url=\u00bbhttps:\/\/it.linkedin.com\/in\/marcodisebastiano\u00bb use_border_color=\u00bboff\u00bb border_color=\u00bb#ffffff\u00bb border_style=\u00bbsolid\u00bb position=\u00bbfundador\u00bb]<\/p>\n<p>Licenciado en Derecho, ofrece actividades de formaci\u00f3n y consultor\u00eda en los sectores p\u00fablico y privado, trabajando en sistemas de gesti\u00f3n de las fuentes de financiaci\u00f3n europeas, planificaci\u00f3n comunitaria, creaci\u00f3n de asociaciones, dise\u00f1o de la formaci\u00f3n y gesti\u00f3n de proyectos.<\/p>\n<p>[\/et_pb_team_member][\/et_pb_column][et_pb_column type=\u00bb1_4&#8243;][et_pb_image admin_label=\u00bbImmagine\u00bb src=\u00bbhttp:\/\/www.europevillageabruzzo.it\/wp-content\/uploads\/2017\/02\/Barbara-tonda-e1488275517628.jpg\u00bb show_in_lightbox=\u00bboff\u00bb url_new_window=\u00bboff\u00bb use_overlay=\u00bboff\u00bb animation=\u00bboff\u00bb sticky=\u00bboff\u00bb align=\u00bbcenter\u00bb force_fullwidth=\u00bboff\u00bb always_center_on_mobile=\u00bbon\u00bb use_border_color=\u00bboff\u00bb border_color=\u00bb#ffffff\u00bb border_style=\u00bbsolid\u00bb] [\/et_pb_image][\/et_pb_column][et_pb_column type=\u00bb1_4&#8243;][et_pb_team_member admin_label=\u00bbTeam Member\u00bb name=\u00bbBarbara Bozza\u00bb animation=\u00bboff\u00bb background_layout=\u00bblight\u00bb facebook_url=\u00bbhttps:\/\/www.facebook.com\/barbara.bozza.3&#8243; linkedin_url=\u00bbhttps:\/\/it.linkedin.com\/in\/barbara-bozza-0606081b\u00bb use_border_color=\u00bboff\u00bb border_color=\u00bb#ffffff\u00bb border_style=\u00bbsolid\u00bb position=\u00bbcofundador\u00bb]<\/p>\n<p>Licenciada en Educaci\u00f3n, especializada en el campo de la formaci\u00f3n profesional bonificada. Trabaj\u00f3 en instituciones de formaci\u00f3n ocupandose del dise\u00f1o y de la gesti\u00f3n de proyectos de formaci\u00f3n financiados por el FSE y los fondos interprofesionales como Fondimpresa.<\/p>\n<p>[\/et_pb_team_member][\/et_pb_column][\/et_pb_row][\/et_pb_section][et_pb_section admin_label=\u00bbSezione\u00bb fullwidth=\u00bboff\u00bb specialty=\u00bboff\u00bb][et_pb_row admin_label=\u00bbRiga\u00bb][et_pb_column type=\u00bb4_4&#8243;][et_pb_text admin_label=\u00bbTesto\u00bb background_layout=\u00bblight\u00bb text_orientation=\u00bbleft\u00bb use_border_color=\u00bboff\u00bb border_color=\u00bb#ffffff\u00bb border_style=\u00bbsolid\u00bb]<\/p>\n<h3 style=\"text-align: center;\"><strong>Collaboradores<\/strong><\/h3>\n<p>[\/et_pb_text][\/et_pb_column][\/et_pb_row][et_pb_row admin_label=\u00bbRiga\u00bb][et_pb_column type=\u00bb1_3&#8243;][et_pb_team_member admin_label=\u00bbTeam Member\u00bb name=\u00bbAngelo Napolitano\u00bb animation=\u00bboff\u00bb background_layout=\u00bblight\u00bb linkedin_url=\u00bbhttps:\/\/it.linkedin.com\/in\/barbara-bozza-0606081b\u00bb use_border_color=\u00bboff\u00bb border_color=\u00bb#ffffff\u00bb border_style=\u00bbsolid\u00bb position=\u00bbsocio\u00bb image_url=\u00bbhttp:\/\/www.europevillageabruzzo.it\/wp-content\/uploads\/2017\/02\/angelo-napolitano-tondo-e1488276259609.png\u00bb]<\/p>\n<p>Desarrollo de estrategias de internacionalizaci\u00f3n de los sectores p\u00fablicos y privados. Gesti\u00f3n y scouting de redes europeas y transnacionales. Asesoramiento en el \u00e1mbito de la redacci\u00f3n de proyectos europeos y de proyectos de movilidad transnacional.<\/p>\n<p>[\/et_pb_team_member][\/et_pb_column][et_pb_column type=\u00bb1_3&#8243;][et_pb_team_member admin_label=\u00bbTeam Member\u00bb name=\u00bbFrancesco Paradiso\u00bb animation=\u00bboff\u00bb background_layout=\u00bblight\u00bb use_border_color=\u00bboff\u00bb border_color=\u00bb#ffffff\u00bb border_style=\u00bbsolid\u00bb position=\u00bbsocio\u00bb image_url=\u00bbhttp:\/\/www.europevillageabruzzo.it\/wp-content\/uploads\/2017\/03\/Francesco-Paradiso.jpg\u00bb facebook_url=\u00bbhttps:\/\/www.facebook.com\/francescoparadiso23&#8243;]<\/p>\n<p>Abogado, se ocupa de asesoramiento extrajudicial y asistencia en la propiedad intelectual y music business.<\/p>\n<p>[\/et_pb_team_member][\/et_pb_column][et_pb_column type=\u00bb1_3&#8243;][et_pb_team_member admin_label=\u00bbTeam Member\u00bb name=\u00bbGabriella Mascheroni\u00bb animation=\u00bboff\u00bb background_layout=\u00bblight\u00bb linkedin_url=\u00bbwww.linkedin.com\/in\/gabriella-mascheroni\u00bb use_border_color=\u00bboff\u00bb border_color=\u00bb#ffffff\u00bb border_style=\u00bbsolid\u00bb position=\u00bbsocio\u00bb image_url=\u00bbhttp:\/\/www.europevillageabruzzo.it\/wp-content\/uploads\/2017\/02\/Gabriella-Macheroni.jpg\u00bb]<\/p>\n<p>Arquitecto, dise\u00f1ador gr\u00e1fico, consultor\u00eda y dise\u00f1o arquitect\u00f3nico. Organizaci\u00f3n de exposiciones y eventos. Gr\u00e1fica y dise\u00f1adora de interiores y mobiliario. Consultor y dise\u00f1ador europeo.<\/p>\n<p>&nbsp;<\/p>\n<p>[\/et_pb_team_member][\/et_pb_column][\/et_pb_row][et_pb_row admin_label=\u00bbRiga\u00bb][et_pb_column type=\u00bb1_4&#8243;][\/et_pb_column][et_pb_column type=\u00bb1_4&#8243;][\/et_pb_column][et_pb_column type=\u00bb1_4&#8243;][\/et_pb_column][et_pb_column type=\u00bb1_4&#8243;][\/et_pb_column][\/et_pb_row][\/et_pb_section]<\/p>","protected":false},"excerpt":{"rendered":"<p>[et_pb_section admin_label=\u00bbSezione\u00bb fullwidth=\u00bbon\u00bb specialty=\u00bboff\u00bb transparent_background=\u00bboff\u00bb background_color=\u00bb#274390&#8243; allow_player_pause=\u00bboff\u00bb inner_shadow=\u00bboff\u00bb parallax=\u00bboff\u00bb parallax_method=\u00bboff\u00bb padding_mobile=\u00bboff\u00bb make_fullwidth=\u00bboff\u00bb use_custom_width=\u00bboff\u00bb width_unit=\u00bbon\u00bb make_equal=\u00bboff\u00bb use_custom_gutter=\u00bboff\u00bb][et_pb_fullwidth_header admin_label=\u00bbIntestazione a Larghezza Piena\u00bb title=\u00bbQuienes Somos\u00bb background_layout=\u00bblight\u00bb text_orientation=\u00bbleft\u00bb header_fullscreen=\u00bboff\u00bb header_scroll_down=\u00bboff\u00bb parallax=\u00bboff\u00bb parallax_method=\u00bboff\u00bb content_orientation=\u00bbcenter\u00bb image_orientation=\u00bbcenter\u00bb title_font_color=\u00bb#ffffff\u00bb custom_button_one=\u00bboff\u00bb button_one_letter_spacing=\u00bb0&#8243; button_one_use_icon=\u00bbdefault\u00bb button_one_icon_placement=\u00bbright\u00bb button_one_on_hover=\u00bbon\u00bb button_one_letter_spacing_hover=\u00bb0&#8243; custom_button_two=\u00bboff\u00bb button_two_letter_spacing=\u00bb0&#8243; button_two_use_icon=\u00bbdefault\u00bb button_two_icon_placement=\u00bbright\u00bb button_two_on_hover=\u00bbon\u00bb button_two_letter_spacing_hover=\u00bb0&#8243; title_font=\u00bb|on|||\u00bb] [\/et_pb_fullwidth_header][\/et_pb_section][et_pb_section admin_label=\u00bbsection\u00bb fullwidth=\u00bboff\u00bb specialty=\u00bboff\u00bb background_color=\u00bb#f7f7f7&#8243; inner_shadow=\u00bbon\u00bb parallax=\u00bboff\u00bb][et_pb_row admin_label=\u00bbrow\u00bb][et_pb_column type=\u00bb1_2&#8243;][et_pb_image admin_label=\u00bbImmagine\u00bb src=\u00bbhttp:\/\/www.europevillageabruzzo.it\/wp-content\/uploads\/2017\/02\/servizi.jpg\u00bb [&hellip;]<\/p>\n","protected":false},"author":1,"featured_media":0,"parent":0,"menu_order":0,"comment_status":"closed","ping_status":"closed","template":"","meta":{"footnotes":""},"class_list":["post-2040","page","type-page","status-publish","hentry"],"yoast_head":"<!-- This site is optimized with the Yoast SEO plugin v24.3 - https:\/\/yoast.com\/wordpress\/plugins\/seo\/ -->\n<title>Chi siamo | EVA - Europe Village Abruzzo<\/title>\n<meta name=\"description\" content=\"EVA mira ad informare e incuriosire su temi come le politiche europee, il mondo delle start up e del digitale, le opportunit\u00e0 e i finanziamenti.\" \/>\n<meta name=\"robots\" content=\"index, follow, max-snippet:-1, max-image-preview:large, max-video-preview:-1\" \/>\n<link rel=\"canonical\" href=\"https:\/\/www.europevillageabruzzo.it\/chi-siamo\/\" \/>\n<meta property=\"og:locale\" content=\"es_ES\" \/>\n<meta property=\"og:type\" content=\"article\" \/>\n<meta property=\"og:title\" content=\"Chi siamo | EVA - Europe Village Abruzzo\" \/>\n<meta property=\"og:description\" content=\"EVA mira ad informare e incuriosire su temi come le politiche europee, il mondo delle start up e del digitale, le opportunit\u00e0 e i finanziamenti.\" \/>\n<meta property=\"og:url\" content=\"https:\/\/www.europevillageabruzzo.it\/chi-siamo\/\" \/>\n<meta property=\"og:site_name\" content=\"EVA Europe Village Abruzzo\" \/>\n<meta property=\"article:modified_time\" content=\"2020-09-28T15:23:59+00:00\" \/>\n<meta name=\"twitter:card\" content=\"summary_large_image\" \/>\n<meta name=\"twitter:label1\" content=\"Tiempo de lectura\" \/>\n\t<meta name=\"twitter:data1\" content=\"18 minutos\" \/>\n<script type=\"application\/ld+json\" class=\"yoast-schema-graph\">{\"@context\":\"https:\/\/schema.org\",\"@graph\":[{\"@type\":\"WebPage\",\"@id\":\"https:\/\/www.europevillageabruzzo.it\/chi-siamo\/\",\"url\":\"https:\/\/www.europevillageabruzzo.it\/chi-siamo\/\",\"name\":\"Chi siamo | EVA - Europe Village Abruzzo\",\"isPartOf\":{\"@id\":\"https:\/\/www.europevillageabruzzo.it\/#website\"},\"datePublished\":\"2017-02-10T10:46:33+00:00\",\"dateModified\":\"2020-09-28T15:23:59+00:00\",\"description\":\"EVA mira ad informare e incuriosire su temi come le politiche europee, il mondo delle start up e del digitale, le opportunit\u00e0 e i finanziamenti.\",\"breadcrumb\":{\"@id\":\"https:\/\/www.europevillageabruzzo.it\/chi-siamo\/#breadcrumb\"},\"inLanguage\":\"es\",\"potentialAction\":[{\"@type\":\"ReadAction\",\"target\":[\"https:\/\/www.europevillageabruzzo.it\/chi-siamo\/\"]}]},{\"@type\":\"BreadcrumbList\",\"@id\":\"https:\/\/www.europevillageabruzzo.it\/chi-siamo\/#breadcrumb\",\"itemListElement\":[{\"@type\":\"ListItem\",\"position\":1,\"name\":\"Home\",\"item\":\"https:\/\/www.europevillageabruzzo.it\/\"},{\"@type\":\"ListItem\",\"position\":2,\"name\":\"Chi siamo\"}]},{\"@type\":\"WebSite\",\"@id\":\"https:\/\/www.europevillageabruzzo.it\/#website\",\"url\":\"https:\/\/www.europevillageabruzzo.it\/\",\"name\":\"EVA Europe Village Abruzzo\",\"description\":\"\",\"potentialAction\":[{\"@type\":\"SearchAction\",\"target\":{\"@type\":\"EntryPoint\",\"urlTemplate\":\"https:\/\/www.europevillageabruzzo.it\/?s={search_term_string}\"},\"query-input\":{\"@type\":\"PropertyValueSpecification\",\"valueRequired\":true,\"valueName\":\"search_term_string\"}}],\"inLanguage\":\"es\"}]}<\/script>\n<!-- \/ Yoast SEO plugin. -->","yoast_head_json":{"title":"Chi siamo | EVA - Europe Village Abruzzo","description":"EVA mira ad informare e incuriosire su temi come le politiche europee, il mondo delle start up e del digitale, le opportunit\u00e0 e i finanziamenti.","robots":{"index":"index","follow":"follow","max-snippet":"max-snippet:-1","max-image-preview":"max-image-preview:large","max-video-preview":"max-video-preview:-1"},"canonical":"https:\/\/www.europevillageabruzzo.it\/chi-siamo\/","og_locale":"es_ES","og_type":"article","og_title":"Chi siamo | EVA - Europe Village Abruzzo","og_description":"EVA mira ad informare e incuriosire su temi come le politiche europee, il mondo delle start up e del digitale, le opportunit\u00e0 e i finanziamenti.","og_url":"https:\/\/www.europevillageabruzzo.it\/chi-siamo\/","og_site_name":"EVA Europe Village Abruzzo","article_modified_time":"2020-09-28T15:23:59+00:00","twitter_card":"summary_large_image","twitter_misc":{"Tiempo de lectura":"18 minutos"},"schema":{"@context":"https:\/\/schema.org","@graph":[{"@type":"WebPage","@id":"https:\/\/www.europevillageabruzzo.it\/chi-siamo\/","url":"https:\/\/www.europevillageabruzzo.it\/chi-siamo\/","name":"Chi siamo | EVA - Europe Village Abruzzo","isPartOf":{"@id":"https:\/\/www.europevillageabruzzo.it\/#website"},"datePublished":"2017-02-10T10:46:33+00:00","dateModified":"2020-09-28T15:23:59+00:00","description":"EVA mira ad informare e incuriosire su temi come le politiche europee, il mondo delle start up e del digitale, le opportunit\u00e0 e i finanziamenti.","breadcrumb":{"@id":"https:\/\/www.europevillageabruzzo.it\/chi-siamo\/#breadcrumb"},"inLanguage":"es","potentialAction":[{"@type":"ReadAction","target":["https:\/\/www.europevillageabruzzo.it\/chi-siamo\/"]}]},{"@type":"BreadcrumbList","@id":"https:\/\/www.europevillageabruzzo.it\/chi-siamo\/#breadcrumb","itemListElement":[{"@type":"ListItem","position":1,"name":"Home","item":"https:\/\/www.europevillageabruzzo.it\/"},{"@type":"ListItem","position":2,"name":"Chi siamo"}]},{"@type":"WebSite","@id":"https:\/\/www.europevillageabruzzo.it\/#website","url":"https:\/\/www.europevillageabruzzo.it\/","name":"EVA Europe Village Abruzzo","description":"","potentialAction":[{"@type":"SearchAction","target":{"@type":"EntryPoint","urlTemplate":"https:\/\/www.europevillageabruzzo.it\/?s={search_term_string}"},"query-input":{"@type":"PropertyValueSpecification","valueRequired":true,"valueName":"search_term_string"}}],"inLanguage":"es"}]}},"_links":{"self":[{"href":"https:\/\/www.europevillageabruzzo.it\/es\/wp-json\/wp\/v2\/pages\/2040","targetHints":{"allow":["GET"]}}],"collection":[{"href":"https:\/\/www.europevillageabruzzo.it\/es\/wp-json\/wp\/v2\/pages"}],"about":[{"href":"https:\/\/www.europevillageabruzzo.it\/es\/wp-json\/wp\/v2\/types\/page"}],"author":[{"embeddable":true,"href":"https:\/\/www.europevillageabruzzo.it\/es\/wp-json\/wp\/v2\/users\/1"}],"replies":[{"embeddable":true,"href":"https:\/\/www.europevillageabruzzo.it\/es\/wp-json\/wp\/v2\/comments?post=2040"}],"version-history":[{"count":71,"href":"https:\/\/www.europevillageabruzzo.it\/es\/wp-json\/wp\/v2\/pages\/2040\/revisions"}],"predecessor-version":[{"id":2688,"href":"https:\/\/www.europevillageabruzzo.it\/es\/wp-json\/wp\/v2\/pages\/2040\/revisions\/2688"}],"wp:attachment":[{"href":"https:\/\/www.europevillageabruzzo.it\/es\/wp-json\/wp\/v2\/media?parent=2040"}],"curies":[{"name":"wp","href":"https:\/\/api.w.org\/{rel}","templated":true}]}}